{"id":5998,"date":"2024-04-01T10:51:17","date_gmt":"2024-04-01T09:51:17","guid":{"rendered":"https:\/\/special-ants.store\/?page_id=5998"},"modified":"2026-03-16T19:20:31","modified_gmt":"2026-03-16T18:20:31","slug":"haltungsberichte","status":"publish","type":"page","link":"https:\/\/special-ants.store\/?page_id=5998","title":{"rendered":"Haltungsberichte"},"content":{"rendered":"\t\t<div data-elementor-type=\"wp-page\" data-elementor-id=\"5998\" class=\"elementor elementor-5998\">\n\t\t\t\t<div class=\"elementor-element elementor-element-f2098ec e-flex e-con-boxed e-con e-parent\" data-id=\"f2098ec\" data-element_type=\"container\" data-e-type=\"container\">\n\t\t\t\t\t<div class=\"e-con-inner\">\n\t\t\t\t<div class=\"elementor-element elementor-element-055f3f7 elementor-widget-divider--view-line elementor-widget elementor-widget-divider\" data-id=\"055f3f7\" data-element_type=\"widget\" data-e-type=\"widget\" data-widget_type=\"divider.default\">\n\t\t\t\t<div class=\"elementor-widget-container\">\n\t\t\t\t\t\t\t<div class=\"elementor-divider\">\n\t\t\t<span class=\"elementor-divider-separator\">\n\t\t\t\t\t\t<\/span>\n\t\t<\/div>\n\t\t\t\t\t\t<\/div>\n\t\t\t\t<\/div>\n\t\t\t\t\t<\/div>\n\t\t\t\t<\/div>\n\t\t<div class=\"elementor-element elementor-element-1cf21e0 e-flex e-con-boxed e-con e-parent\" data-id=\"1cf21e0\" data-element_type=\"container\" data-e-type=\"container\">\n\t\t\t\t\t<div class=\"e-con-inner\">\n\t\t\t\t<div class=\"elementor-element elementor-element-e6ba56f elementor-widget elementor-widget-text-editor\" data-id=\"e6ba56f\" data-element_type=\"widget\" data-e-type=\"widget\" data-widget_type=\"text-editor.default\">\n\t\t\t\t<div class=\"elementor-widget-container\">\n\t\t\t\t\t\t\t\t\t<p>Hier gibt es Haltungsberichte \u00fcber verschiedene Ameisenarten. Es wird alles regelm\u00e4\u00dfig aktualisiert, und erweitert.<\/p>\t\t\t\t\t\t\t\t<\/div>\n\t\t\t\t<\/div>\n\t\t\t\t\t<\/div>\n\t\t\t\t<\/div>\n\t\t<div class=\"elementor-element elementor-element-55d52bd e-flex e-con-boxed e-con e-parent\" data-id=\"55d52bd\" data-element_type=\"container\" data-e-type=\"container\">\n\t\t\t\t\t<div class=\"e-con-inner\">\n\t\t\t\t<div class=\"elementor-element elementor-element-90c9102 elementor-widget-divider--view-line elementor-widget elementor-widget-divider\" data-id=\"90c9102\" data-element_type=\"widget\" data-e-type=\"widget\" data-widget_type=\"divider.default\">\n\t\t\t\t<div class=\"elementor-widget-container\">\n\t\t\t\t\t\t\t<div class=\"elementor-divider\">\n\t\t\t<span class=\"elementor-divider-separator\">\n\t\t\t\t\t\t<\/span>\n\t\t<\/div>\n\t\t\t\t\t\t<\/div>\n\t\t\t\t<\/div>\n\t\t\t\t\t<\/div>\n\t\t\t\t<\/div>\n\t\t<div class=\"elementor-element elementor-element-e8bc7aa e-flex e-con-boxed e-con e-parent\" data-id=\"e8bc7aa\" data-element_type=\"container\" data-e-type=\"container\">\n\t\t\t\t\t<div class=\"e-con-inner\">\n\t\t<div class=\"elementor-element elementor-element-29ff05b e-con-full e-flex e-con e-child\" data-id=\"29ff05b\" data-element_type=\"container\" data-e-type=\"container\">\n\t\t\t\t<div class=\"elementor-element elementor-element-91d5891 elementor-widget elementor-widget-image\" data-id=\"91d5891\" data-element_type=\"widget\" data-e-type=\"widget\" data-widget_type=\"image.default\">\n\t\t\t\t<div class=\"elementor-widget-container\">\n\t\t\t\t\t\t\t\t\t\t\t\t\t\t\t<img fetchpriority=\"high\" decoding=\"async\" width=\"700\" height=\"700\" src=\"https:\/\/special-ants.store\/wp-content\/uploads\/2024\/04\/img_9220-700x700.jpeg\" class=\"attachment-woocommerce_thumbnail size-woocommerce_thumbnail wp-image-7400\" alt=\"\" srcset=\"https:\/\/special-ants.store\/wp-content\/uploads\/2024\/04\/img_9220-700x700.jpeg 700w, https:\/\/special-ants.store\/wp-content\/uploads\/2024\/04\/img_9220-150x150.jpeg 150w, https:\/\/special-ants.store\/wp-content\/uploads\/2024\/04\/img_9220-100x100.jpeg 100w\" sizes=\"(max-width: 700px) 100vw, 700px\" \/>\t\t\t\t\t\t\t\t\t\t\t\t\t\t\t<\/div>\n\t\t\t\t<\/div>\n\t\t\t\t<div class=\"elementor-element elementor-element-25bc847 elementor-widget elementor-widget-heading\" data-id=\"25bc847\" data-element_type=\"widget\" data-e-type=\"widget\" data-widget_type=\"heading.default\">\n\t\t\t\t<div class=\"elementor-widget-container\">\n\t\t\t\t\t<h2 class=\"elementor-heading-title elementor-size-default\">Camponotus habereri<\/h2>\t\t\t\t<\/div>\n\t\t\t\t<\/div>\n\t\t\t\t<div class=\"elementor-element elementor-element-602e495 elementor-widget elementor-widget-text-editor\" data-id=\"602e495\" data-element_type=\"widget\" data-e-type=\"widget\" data-widget_type=\"text-editor.default\">\n\t\t\t\t<div class=\"elementor-widget-container\">\n\t\t\t\t\t\t\t\t\t<p>Die meisten K\u00f6niginnen von Camponotus habereri auf dem Markt kommen aus Taiwan.<\/p><p>Diese Art ist f\u00fcr ihre sch\u00f6ne F\u00e4rbung und ein spannendes Verhalten bekannt. <\/p>\t\t\t\t\t\t\t\t<\/div>\n\t\t\t\t<\/div>\n\t\t\t\t<div class=\"elementor-element elementor-element-710d3b4 elementor-align-center elementor-widget elementor-widget-button\" data-id=\"710d3b4\" data-element_type=\"widget\" data-e-type=\"widget\" data-widget_type=\"button.default\">\n\t\t\t\t<div class=\"elementor-widget-container\">\n\t\t\t\t\t\t\t\t\t<div class=\"elementor-button-wrapper\">\n\t\t\t\t\t<a class=\"elementor-button elementor-button-link elementor-size-sm\" href=\"https:\/\/special-ants.store\/camponotus-habereri\/\">\n\t\t\t\t\t\t<span class=\"elementor-button-content-wrapper\">\n\t\t\t\t\t\t\t\t\t<span class=\"elementor-button-text\">Hier klicken<\/span>\n\t\t\t\t\t<\/span>\n\t\t\t\t\t<\/a>\n\t\t\t\t<\/div>\n\t\t\t\t\t\t\t\t<\/div>\n\t\t\t\t<\/div>\n\t\t\t\t<\/div>\n\t\t<div class=\"elementor-element elementor-element-d22c9dd e-con-full e-flex e-con e-child\" data-id=\"d22c9dd\" data-element_type=\"container\" data-e-type=\"container\">\n\t\t\t\t<div class=\"elementor-element elementor-element-13cfa94 elementor-widget elementor-widget-image\" data-id=\"13cfa94\" data-element_type=\"widget\" data-e-type=\"widget\" data-widget_type=\"image.default\">\n\t\t\t\t<div class=\"elementor-widget-container\">\n\t\t\t\t\t\t\t\t\t\t\t\t\t\t\t<img decoding=\"async\" width=\"700\" height=\"700\" src=\"https:\/\/special-ants.store\/wp-content\/uploads\/2024\/04\/80-700x700.jpg\" class=\"attachment-woocommerce_thumbnail size-woocommerce_thumbnail wp-image-6213\" alt=\"\" srcset=\"https:\/\/special-ants.store\/wp-content\/uploads\/2024\/04\/80-700x700.jpg 700w, https:\/\/special-ants.store\/wp-content\/uploads\/2024\/04\/80-100x100.jpg 100w, https:\/\/special-ants.store\/wp-content\/uploads\/2024\/04\/80-150x150.jpg 150w\" sizes=\"(max-width: 700px) 100vw, 700px\" \/>\t\t\t\t\t\t\t\t\t\t\t\t\t\t\t<\/div>\n\t\t\t\t<\/div>\n\t\t\t\t<div class=\"elementor-element elementor-element-b344f23 elementor-widget elementor-widget-heading\" data-id=\"b344f23\" data-element_type=\"widget\" data-e-type=\"widget\" data-widget_type=\"heading.default\">\n\t\t\t\t<div class=\"elementor-widget-container\">\n\t\t\t\t\t<h2 class=\"elementor-heading-title elementor-size-default\">Messor wasmanni<\/h2>\t\t\t\t<\/div>\n\t\t\t\t<\/div>\n\t\t\t\t<div class=\"elementor-element elementor-element-6cece63 elementor-widget elementor-widget-text-editor\" data-id=\"6cece63\" data-element_type=\"widget\" data-e-type=\"widget\" data-widget_type=\"text-editor.default\">\n\t\t\t\t<div class=\"elementor-widget-container\">\n\t\t\t\t\t\t\t\t\t<p>Messor wasmanni geh\u00f6rt zu den K\u00f6rnersammlerameisen. Meist kommen diese aus Spanien.<\/p><p>Die Art ist relativ klein und hat eine schnelle Entwicklung. Sie sammeln K\u00f6rner und stellen Ameisenbrot her.<\/p>\t\t\t\t\t\t\t\t<\/div>\n\t\t\t\t<\/div>\n\t\t\t\t<div class=\"elementor-element elementor-element-4ccfa9b elementor-align-center elementor-widget elementor-widget-button\" data-id=\"4ccfa9b\" data-element_type=\"widget\" data-e-type=\"widget\" data-widget_type=\"button.default\">\n\t\t\t\t<div class=\"elementor-widget-container\">\n\t\t\t\t\t\t\t\t\t<div class=\"elementor-button-wrapper\">\n\t\t\t\t\t<a class=\"elementor-button elementor-button-link elementor-size-sm\" href=\"https:\/\/special-ants.store\/camponotus-angusticollis\/\">\n\t\t\t\t\t\t<span class=\"elementor-button-content-wrapper\">\n\t\t\t\t\t\t\t\t\t<span class=\"elementor-button-text\">Hier klicken<\/span>\n\t\t\t\t\t<\/span>\n\t\t\t\t\t<\/a>\n\t\t\t\t<\/div>\n\t\t\t\t\t\t\t\t<\/div>\n\t\t\t\t<\/div>\n\t\t\t\t<\/div>\n\t\t<div class=\"elementor-element elementor-element-8859c9a e-con-full e-flex e-con e-child\" data-id=\"8859c9a\" data-element_type=\"container\" data-e-type=\"container\">\n\t\t\t\t<div class=\"elementor-element elementor-element-e4269b4 elementor-widget elementor-widget-image\" data-id=\"e4269b4\" data-element_type=\"widget\" data-e-type=\"widget\" data-widget_type=\"image.default\">\n\t\t\t\t<div class=\"elementor-widget-container\">\n\t\t\t\t\t\t\t\t\t\t\t\t\t\t\t<img decoding=\"async\" width=\"700\" height=\"700\" src=\"https:\/\/special-ants.store\/wp-content\/uploads\/2024\/04\/w2-700x700.jpg\" class=\"attachment-woocommerce_thumbnail size-woocommerce_thumbnail wp-image-6629\" alt=\"Camponotus Lianghuang\" srcset=\"https:\/\/special-ants.store\/wp-content\/uploads\/2024\/04\/w2-700x700.jpg 700w, https:\/\/special-ants.store\/wp-content\/uploads\/2024\/04\/w2-150x150.jpg 150w, https:\/\/special-ants.store\/wp-content\/uploads\/2024\/04\/w2-100x100.jpg 100w\" sizes=\"(max-width: 700px) 100vw, 700px\" \/>\t\t\t\t\t\t\t\t\t\t\t\t\t\t\t<\/div>\n\t\t\t\t<\/div>\n\t\t\t\t<div class=\"elementor-element elementor-element-4724779 elementor-widget elementor-widget-heading\" data-id=\"4724779\" data-element_type=\"widget\" data-e-type=\"widget\" data-widget_type=\"heading.default\">\n\t\t\t\t<div class=\"elementor-widget-container\">\n\t\t\t\t\t<h2 class=\"elementor-heading-title elementor-size-default\">Camponotus sp. \"Lianghuang\"<\/h2>\t\t\t\t<\/div>\n\t\t\t\t<\/div>\n\t\t\t\t<div class=\"elementor-element elementor-element-00ab5f8 elementor-widget elementor-widget-text-editor\" data-id=\"00ab5f8\" data-element_type=\"widget\" data-e-type=\"widget\" data-widget_type=\"text-editor.default\">\n\t\t\t\t<div class=\"elementor-widget-container\">\n\t\t\t\t\t\t\t\t\t<p>Camponotus sp. \u201cLianghuang\u201c ist in Asien zu finden. Meist kommen diese aus Thailand.<\/p><p>Diese Art ist sehr selten in der Haltung, \u00fcberzeugt aber mit ihrem sch\u00f6nen Aussehen. <\/p>\t\t\t\t\t\t\t\t<\/div>\n\t\t\t\t<\/div>\n\t\t\t\t<div class=\"elementor-element elementor-element-87330a8 elementor-align-center elementor-widget elementor-widget-button\" data-id=\"87330a8\" data-element_type=\"widget\" data-e-type=\"widget\" data-widget_type=\"button.default\">\n\t\t\t\t<div class=\"elementor-widget-container\">\n\t\t\t\t\t\t\t\t\t<div class=\"elementor-button-wrapper\">\n\t\t\t\t\t<a class=\"elementor-button elementor-button-link elementor-size-sm\" href=\"https:\/\/special-ants.store\/camponotus-sp-lianghuang\/\">\n\t\t\t\t\t\t<span class=\"elementor-button-content-wrapper\">\n\t\t\t\t\t\t\t\t\t<span class=\"elementor-button-text\">Hier klicken<\/span>\n\t\t\t\t\t<\/span>\n\t\t\t\t\t<\/a>\n\t\t\t\t<\/div>\n\t\t\t\t\t\t\t\t<\/div>\n\t\t\t\t<\/div>\n\t\t\t\t<\/div>\n\t\t\t\t\t<\/div>\n\t\t\t\t<\/div>\n\t\t<div class=\"elementor-element elementor-element-69fe4ad e-flex e-con-boxed e-con e-parent\" data-id=\"69fe4ad\" data-element_type=\"container\" data-e-type=\"container\">\n\t\t\t\t\t<div class=\"e-con-inner\">\n\t\t\t\t<div class=\"elementor-element elementor-element-d30a045 elementor-widget-divider--view-line elementor-widget elementor-widget-divider\" data-id=\"d30a045\" data-element_type=\"widget\" data-e-type=\"widget\" data-widget_type=\"divider.default\">\n\t\t\t\t<div class=\"elementor-widget-container\">\n\t\t\t\t\t\t\t<div class=\"elementor-divider\">\n\t\t\t<span class=\"elementor-divider-separator\">\n\t\t\t\t\t\t<\/span>\n\t\t<\/div>\n\t\t\t\t\t\t<\/div>\n\t\t\t\t<\/div>\n\t\t\t\t\t<\/div>\n\t\t\t\t<\/div>\n\t\t\t\t<\/div>\n\t\t","protected":false},"excerpt":{"rendered":"<p>Hier gibt es Haltungsberichte \u00fcber verschiedene Ameisenarten. Es wird alles regelm\u00e4\u00dfig aktualisiert, und erweitert. Camponotus habereri Die meisten K\u00f6niginnen von Camponotus habereri auf dem Markt kommen aus Taiwan. Diese Art ist f\u00fcr ihre sch\u00f6ne F\u00e4rbung und ein spannendes Verhalten bekannt. Hier klicken Messor wasmanni Messor wasmanni geh\u00f6rt zu den K\u00f6rnersammlerameisen. Meist kommen diese aus Spanien. [&hellip;]<\/p>\n","protected":false},"author":1,"featured_media":0,"parent":0,"menu_order":0,"comment_status":"closed","ping_status":"closed","template":"","meta":{"footnotes":""},"class_list":["post-5998","page","type-page","status-publish","hentry","entry","owp-thumbs-layout-horizontal","owp-btn-normal","owp-tabs-layout-horizontal","has-no-thumbnails","has-product-nav"],"aioseo_notices":[],"jetpack_sharing_enabled":true,"_links":{"self":[{"href":"https:\/\/special-ants.store\/index.php?rest_route=\/wp\/v2\/pages\/5998","targetHints":{"allow":["GET"]}}],"collection":[{"href":"https:\/\/special-ants.store\/index.php?rest_route=\/wp\/v2\/pages"}],"about":[{"href":"https:\/\/special-ants.store\/index.php?rest_route=\/wp\/v2\/types\/page"}],"author":[{"embeddable":true,"href":"https:\/\/special-ants.store\/index.php?rest_route=\/wp\/v2\/users\/1"}],"replies":[{"embeddable":true,"href":"https:\/\/special-ants.store\/index.php?rest_route=%2Fwp%2Fv2%2Fcomments&post=5998"}],"version-history":[{"count":10,"href":"https:\/\/special-ants.store\/index.php?rest_route=\/wp\/v2\/pages\/5998\/revisions"}],"predecessor-version":[{"id":8317,"href":"https:\/\/special-ants.store\/index.php?rest_route=\/wp\/v2\/pages\/5998\/revisions\/8317"}],"wp:attachment":[{"href":"https:\/\/special-ants.store\/index.php?rest_route=%2Fwp%2Fv2%2Fmedia&parent=5998"}],"curies":[{"name":"wp","href":"https:\/\/api.w.org\/{rel}","templated":true}]}}