{"id":8217,"date":"2026-03-15T14:37:43","date_gmt":"2026-03-15T13:37:43","guid":{"rendered":"https:\/\/special-ants.store\/?page_id=8217"},"modified":"2026-03-15T14:37:46","modified_gmt":"2026-03-15T13:37:46","slug":"impressum","status":"publish","type":"page","link":"https:\/\/special-ants.store\/?page_id=8217","title":{"rendered":"Impressum"},"content":{"rendered":"\n<p>Gesetzliche Anbieterkennung:<\/p>\n\n\n\n<p>Bianca Papesch<br>Special Ants<br>Geilenkirchener Str. 7<br>52531 \u00dcbach-Palenberg<br>Deutschland<br>Telefon: 015227509379<br>E-Mail: specialants.shop@web.de<br>WhatsApp: 015227509379 Email: specialants.shop@web.de<\/p>\n\n\n\n<p>USt-IdNr.: DE367961322<\/p>\n\n\n\n<p>zust\u00e4ndige Aufsichtsbeh\u00f6rde f\u00fcr audiovisuelle Mediendienste:<\/p>\n\n\n\n<p>Landesanstalt f\u00fcr Medien NRW<br>Zollhof 2<br>40221 D\u00fcsseldorf<br>Internet: https:\/\/www.medienanstalt-nrw.de\/ (https:\/\/www.medienanstalt-nrw.de\/)<\/p>\n\n\n\n<p>Aufgrund des Kleinunternehmerstatus wird in der Rechnung keine MwSt. ausgewiesen (umsatzsteuerfrei gem. \u00a7 19 Abs. 1 UStG).<\/p>\n\n\n\n<p>Wir sind nicht bereit und nicht verpflichtet, an Streitbeilegungsverfahren vor Verbraucherschlichtungsstellen teilzunehmen.<\/p>\n","protected":false},"excerpt":{"rendered":"<p>Gesetzliche Anbieterkennung: Bianca PapeschSpecial AntsGeilenkirchener Str. 752531 \u00dcbach-PalenbergDeutschlandTelefon: 015227509379E-Mail: specialants.shop@web.deWhatsApp: 015227509379 Email: specialants.shop@web.de USt-IdNr.: DE367961322 zust\u00e4ndige Aufsichtsbeh\u00f6rde f\u00fcr audiovisuelle Mediendienste: Landesanstalt f\u00fcr Medien NRWZollhof 240221 D\u00fcsseldorfInternet: https:\/\/www.medienanstalt-nrw.de\/ (https:\/\/www.medienanstalt-nrw.de\/) Aufgrund des Kleinunternehmerstatus wird in der Rechnung keine MwSt. ausgewiesen (umsatzsteuerfrei gem. \u00a7 19 Abs. 1 UStG). Wir sind nicht bereit und nicht verpflichtet, an Streitbeilegungsverfahren vor [&hellip;]<\/p>\n","protected":false},"author":1,"featured_media":0,"parent":0,"menu_order":0,"comment_status":"closed","ping_status":"closed","template":"","meta":{"footnotes":""},"class_list":["post-8217","page","type-page","status-publish","hentry","entry","owp-thumbs-layout-horizontal","owp-btn-normal","owp-tabs-layout-horizontal","has-no-thumbnails","has-product-nav"],"aioseo_notices":[],"jetpack_sharing_enabled":true,"_links":{"self":[{"href":"https:\/\/special-ants.store\/index.php?rest_route=\/wp\/v2\/pages\/8217","targetHints":{"allow":["GET"]}}],"collection":[{"href":"https:\/\/special-ants.store\/index.php?rest_route=\/wp\/v2\/pages"}],"about":[{"href":"https:\/\/special-ants.store\/index.php?rest_route=\/wp\/v2\/types\/page"}],"author":[{"embeddable":true,"href":"https:\/\/special-ants.store\/index.php?rest_route=\/wp\/v2\/users\/1"}],"replies":[{"embeddable":true,"href":"https:\/\/special-ants.store\/index.php?rest_route=%2Fwp%2Fv2%2Fcomments&post=8217"}],"version-history":[{"count":1,"href":"https:\/\/special-ants.store\/index.php?rest_route=\/wp\/v2\/pages\/8217\/revisions"}],"predecessor-version":[{"id":8219,"href":"https:\/\/special-ants.store\/index.php?rest_route=\/wp\/v2\/pages\/8217\/revisions\/8219"}],"wp:attachment":[{"href":"https:\/\/special-ants.store\/index.php?rest_route=%2Fwp%2Fv2%2Fmedia&parent=8217"}],"curies":[{"name":"wp","href":"https:\/\/api.w.org\/{rel}","templated":true}]}}