{"id":6390,"date":"2024-04-05T18:53:31","date_gmt":"2024-04-05T17:53:31","guid":{"rendered":"https:\/\/special-ants.store\/?post_type=product&#038;p=6390"},"modified":"2026-03-25T06:53:56","modified_gmt":"2026-03-25T05:53:56","slug":"70ml-traenken","status":"publish","type":"product","link":"https:\/\/special-ants.store\/?product=70ml-traenken","title":{"rendered":"Ameisentr\u00e4nken gro\u00df"},"content":{"rendered":"<h6><b>Beschreibung:<\/b><\/h6>\n<p>&nbsp;<\/p>\n<p>Sie sind auf der Suche nach geeigneten Ameisentr\u00e4nken f\u00fcr Ihre Ameisen? Dann sind Sie hier genau richtig.<\/p>\n<p>Unsere Ameisentr\u00e4nken gro\u00df sind super f\u00fcr Ameisen geeignet. Sie k\u00f6nnen mit verschiedensten Fl\u00fcssigkeiten wie z.B. Wasser, Zuckerwasser oder Honigwasser gef\u00fcllt werden. Man kann die Ameisentr\u00e4nken ohne Probleme aufziehen und nachf\u00fcllen. Zudem lassen sich die Ameisentr\u00e4nken einfach mit einem feuchten Tuch oder Schwamm reinigen.<\/p>\n<h6><\/h6>\n<h6><\/h6>\n<h6><b>Allgemeine Informationen:<\/b><\/h6>\n<p>&nbsp;<\/p>\n<p><b>Gr\u00f6\u00dfe:<\/b><\/p>\n<p>Verschiedene Gr\u00f6\u00dfen erh\u00e4ltlich:<\/p>\n<p>70ml\/ 120ml<\/p>\n<p><b>Material:<\/b><\/p>\n<p>Kunststoff<\/p>\n<p><b>Farbe:<\/b><\/p>\n<p>wei\u00df + blau<\/p>\n<p><b>Inhalt:<\/b><\/p>\n<p>Verschiedene Mengen erh\u00e4ltlich:<\/p>\n<p>1x Ameisentr\u00e4nke gro\u00df\/ 5x Ameisentr\u00e4nke gro\u00df\/ 10x Ameisentr\u00e4nke gro\u00df<\/p>\n<p>Bestandteile der Ameisentr\u00e4nke:<\/p>\n<p>1x Oberteil<\/p>\n<p>1x Unterteil<\/p>\n<h6><\/h6>\n<h6><\/h6>\n<h6><b>Hersteller:<\/b><\/h6>\n<p>&nbsp;<\/p>\n<p>Nobby Pet Shop GmbH<br \/>\nRaiffeisenring 33<br \/>\n46395 Bocholt<\/p>\n<p>Deutschland<\/p>\n<p>E-Mail: info@nobby.de<\/p>\n<p>&nbsp;<\/p>\n<p>&nbsp;<\/p>\n<p>&nbsp;<\/p>\n","protected":false},"excerpt":{"rendered":"<p>Beschreibung: &nbsp; Sie sind auf der Suche nach geeigneten Ameisentr\u00e4nken f\u00fcr Ihre Ameisen? Dann sind Sie hier genau richtig. Unsere Ameisentr\u00e4nken gro\u00df sind super f\u00fcr Ameisen geeignet. Sie k\u00f6nnen mit verschiedensten Fl\u00fcssigkeiten wie z.B. Wasser, Zuckerwasser oder Honigwasser gef\u00fcllt werden. Man kann die Ameisentr\u00e4nken ohne Probleme aufziehen und nachf\u00fcllen. Zudem lassen sich die Ameisentr\u00e4nken einfach [&hellip;]<\/p>\n","protected":false},"featured_media":6700,"template":"","meta":[],"product_brand":[],"product_cat":[58],"product_tag":[178,179],"class_list":{"0":"post-6390","1":"product","2":"type-product","3":"status-publish","4":"has-post-thumbnail","6":"product_cat-zubehoer","7":"product_tag-ameisentraenken","8":"product_tag-traenke","10":"entry","11":"has-media","13":"first","14":"instock","15":"shipping-taxable","16":"purchasable","17":"product-type-variable","18":"has-product-nav","19":"col","20":"span_1_of_3","21":"owp-content-center","22":"owp-thumbs-layout-horizontal","23":"owp-btn-normal","24":"owp-tabs-layout-horizontal"},"aioseo_notices":[],"jetpack_sharing_enabled":true,"_links":{"self":[{"href":"https:\/\/special-ants.store\/index.php?rest_route=\/wp\/v2\/product\/6390","targetHints":{"allow":["GET"]}}],"collection":[{"href":"https:\/\/special-ants.store\/index.php?rest_route=\/wp\/v2\/product"}],"about":[{"href":"https:\/\/special-ants.store\/index.php?rest_route=\/wp\/v2\/types\/product"}],"wp:featuredmedia":[{"embeddable":true,"href":"https:\/\/special-ants.store\/index.php?rest_route=\/wp\/v2\/media\/6700"}],"wp:attachment":[{"href":"https:\/\/special-ants.store\/index.php?rest_route=%2Fwp%2Fv2%2Fmedia&parent=6390"}],"wp:term":[{"taxonomy":"product_brand","embeddable":true,"href":"https:\/\/special-ants.store\/index.php?rest_route=%2Fwp%2Fv2%2Fproduct_brand&post=6390"},{"taxonomy":"product_cat","embeddable":true,"href":"https:\/\/special-ants.store\/index.php?rest_route=%2Fwp%2Fv2%2Fproduct_cat&post=6390"},{"taxonomy":"product_tag","embeddable":true,"href":"https:\/\/special-ants.store\/index.php?rest_route=%2Fwp%2Fv2%2Fproduct_tag&post=6390"}],"curies":[{"name":"wp","href":"https:\/\/api.w.org\/{rel}","templated":true}]}}