{"id":6621,"date":"2024-04-20T15:29:31","date_gmt":"2024-04-20T14:29:31","guid":{"rendered":"https:\/\/special-ants.store\/?post_type=product&#038;p=6621"},"modified":"2026-03-25T21:02:18","modified_gmt":"2026-03-25T20:02:18","slug":"camponotus-habereri","status":"publish","type":"product","link":"https:\/\/special-ants.store\/?product=camponotus-habereri","title":{"rendered":"Camponotus habereri"},"content":{"rendered":"<p><b>Name:<\/b> Camponotus habereri<\/p>\n<p><b>Herkunft:<\/b> Taiwan<\/p>\n<p><b>K\u00f6nigin:<\/b> ca. 14 \u2013 15 mm<\/p>\n<p><b>Arbeiterinnen:<\/b> ca. 5 \u2013 12 mm<\/p>\n<p><b>Nahrung:<\/b> Kohlenhydrate (z.B. Honig, Agavendicksaft, Zuckerwasser), Proteine (Futtertiere, z.B. Schaben, Fliegen)<\/p>\n<p><b>Luftfeuchtigkeit: Arena: <\/b>40 &#8211; 60% <b>Nest: <\/b>50 &#8211; 70%<\/p>\n<p><b>Temperatur:<\/b> <b>Arena: <\/b>22 &#8211; 27 Grad <b>Nest: <\/b>24 &#8211; 27 Grad<\/p>\n<p><b>Winterruhe: <\/b>Nein<\/p>\n<p><b>Nestart: <\/b>Wir empfehlen Gips, Ytong oder 3D mit Befeuchtung!<\/p>\n<p><b>Koloniegr\u00f6\u00dfe: <\/b>mehrere Tausend Arbeiterinnen<\/p>\n<h6><\/h6>\n<h6><\/h6>\n<h6><b>Vorteile und Nachteile der Art <\/b><b>Camponotus habereri<\/b><b>:<\/b><\/h6>\n<p>&nbsp;<\/p>\n<p><b>Vorteile: <\/b><\/p>\n<p>Camponotus habereri hat im letzten Jahr an Beliebtheit gewonnen. Sie haben eineetwas langsamere Entwicklung, welche perfekt ist. Zudem sind sie robust und f\u00fcr Anf\u00e4nger geeignet. Au\u00dferdem hat die Art ein wundersch\u00f6nes Aussehen.<\/p>\n<p><b>Nachteile:<\/b><\/p>\n<p>Nachteile sind nicht bekannt!<\/p>\n<h6><\/h6>\n<h6><\/h6>\n<h6><b>Haltung:<\/b><\/h6>\n<p>&nbsp;<\/p>\n<p>Camponotus habereri sind einfach in der Pflege.<\/p>\n<p>Halten Sie die Kolonie am Anfang im Reagenzglas (Nest) und einer 10&#215;10 \u2013 20x20cm Arena. Sobald das Reagenzglas gut gef\u00fcllt ist k\u00f6nnen Sie ein Nest anbieten. Vergr\u00f6\u00dfern Sie das Setup (Nest + Arena) mit steigender Koloniegr\u00f6\u00dfe.<\/p>\n<h6><\/h6>\n<h6><\/h6>\n<h6><b>F\u00fctterung:<\/b><\/h6>\n<p>&nbsp;<\/p>\n<p>Es gibt keine Schwierigkeiten bei der F\u00fctterung.<\/p>\n<p>Stellen Sie alle 3 &#8211; 4 Tage Proteine in Form von z.B. Schaben, Fliegen oder Soldatenfliegenlarven zur Verf\u00fcgung. Einfrieren oder abbr\u00fchen der Futtertiere vor der F\u00fctterung t\u00f6tet Milben ab!<br \/>\nAu\u00dferdem ben\u00f6tigen sie auch Kohlenhydrate in Form von z.B. Honig, Agavendicksaft oder Zuckerwasser. Denken Sie daran das Zuckerwasser jede Woche zu wechseln. Es kann ansonsten zu Vergiftungen f\u00fchren!<\/p>\n","protected":false},"excerpt":{"rendered":"<p>Name: Camponotus habereri Herkunft: Taiwan K\u00f6nigin: ca. 14 \u2013 15 mm Arbeiterinnen: ca. 5 \u2013 12 mm Nahrung: Kohlenhydrate (z.B. Honig, Agavendicksaft, Zuckerwasser), Proteine (Futtertiere, z.B. Schaben, Fliegen) Luftfeuchtigkeit: Arena: 40 &#8211; 60% Nest: 50 &#8211; 70% Temperatur: Arena: 22 &#8211; 27 Grad Nest: 24 &#8211; 27 Grad Winterruhe: Nein Nestart: Wir empfehlen Gips, Ytong [&hellip;]<\/p>\n","protected":false},"featured_media":7400,"template":"","meta":[],"product_brand":[],"product_cat":[56],"product_tag":[],"class_list":{"0":"post-6621","1":"product","2":"type-product","3":"status-publish","4":"has-post-thumbnail","6":"product_cat-ameisen","8":"entry","9":"has-media","11":"first","12":"outofstock","13":"shipping-taxable","14":"purchasable","15":"product-type-variable","16":"has-default-attributes","17":"has-product-nav","18":"col","19":"span_1_of_3","20":"owp-content-center","21":"owp-thumbs-layout-horizontal","22":"owp-btn-normal","23":"owp-tabs-layout-horizontal","24":"has-no-thumbnails"},"aioseo_notices":[],"jetpack_sharing_enabled":true,"_links":{"self":[{"href":"https:\/\/special-ants.store\/index.php?rest_route=\/wp\/v2\/product\/6621","targetHints":{"allow":["GET"]}}],"collection":[{"href":"https:\/\/special-ants.store\/index.php?rest_route=\/wp\/v2\/product"}],"about":[{"href":"https:\/\/special-ants.store\/index.php?rest_route=\/wp\/v2\/types\/product"}],"wp:featuredmedia":[{"embeddable":true,"href":"https:\/\/special-ants.store\/index.php?rest_route=\/wp\/v2\/media\/7400"}],"wp:attachment":[{"href":"https:\/\/special-ants.store\/index.php?rest_route=%2Fwp%2Fv2%2Fmedia&parent=6621"}],"wp:term":[{"taxonomy":"product_brand","embeddable":true,"href":"https:\/\/special-ants.store\/index.php?rest_route=%2Fwp%2Fv2%2Fproduct_brand&post=6621"},{"taxonomy":"product_cat","embeddable":true,"href":"https:\/\/special-ants.store\/index.php?rest_route=%2Fwp%2Fv2%2Fproduct_cat&post=6621"},{"taxonomy":"product_tag","embeddable":true,"href":"https:\/\/special-ants.store\/index.php?rest_route=%2Fwp%2Fv2%2Fproduct_tag&post=6621"}],"curies":[{"name":"wp","href":"https:\/\/api.w.org\/{rel}","templated":true}]}}