{"id":6739,"date":"2024-05-03T19:29:53","date_gmt":"2024-05-03T18:29:53","guid":{"rendered":"https:\/\/special-ants.store\/?post_type=product&#038;p=6739"},"modified":"2026-03-22T19:20:27","modified_gmt":"2026-03-22T18:20:27","slug":"futternaepfe","status":"publish","type":"product","link":"https:\/\/special-ants.store\/?product=futternaepfe","title":{"rendered":"Futtern\u00e4pfe"},"content":{"rendered":"<h6><\/h6>\n<p>Sie sind auf der Suche nach geeigneten Futtern\u00e4pfen f\u00fcr Ihre Ameisen? Dann sind Sie hier genau richtig.<\/p>\n<p>Unsere Futtern\u00e4pfe wurden speziell f\u00fcr die Versorgung von Ameisen entwickelt. Sie k\u00f6nnen mit verschiedensten Fl\u00fcssigkeiten wie z.B. Wasser, Zuckerwasser oder Honig gef\u00fcllt werden. Zudem kann man ein Futtertier in ihnen platzieren. Sie lassen sich einfach mit einem feuchten Tuch oder Schwamm reinigen.<\/p>\n<h6><\/h6>\n<h6><\/h6>\n<h6><b>Allgemeine Informationen:<\/b><\/h6>\n<p>&nbsp;<\/p>\n<p><b>Gr\u00f6\u00dfe:<\/b><\/p>\n<p>25mm Durchmesser<\/p>\n<p><b>Material:<\/b><\/p>\n<p>PLA NX2<\/p>\n<p><b>Farbe:<\/b><\/p>\n<p>wei\u00df<\/p>\n<p><b>Inhalt:<\/b><\/p>\n<p>Verschiedene Mengen erh\u00e4ltlich:<\/p>\n<p>5x Futternapf\/ 10x Futternapf\/ 20x Futternapf<\/p>\n<h6><\/h6>\n<h6><\/h6>\n<h6><b>Hersteller:<\/b><\/h6>\n<p>&nbsp;<\/p>\n<p>Martin Ritter-\u00dcbelh\u00f6r<br \/>\nHomeforAnts<br \/>\nBrunnenstra\u00dfe 24c<br \/>\n88662 \u00dcberlingen<br \/>\nDeutschland<\/p>\n<p>E-Mail: kontakt@homeforants.de<\/p>\n","protected":false},"excerpt":{"rendered":"<p>Sie sind auf der Suche nach geeigneten Futtern\u00e4pfen f\u00fcr Ihre Ameisen? Dann sind Sie hier genau richtig. Unsere Futtern\u00e4pfe wurden speziell f\u00fcr die Versorgung von Ameisen entwickelt. Sie k\u00f6nnen mit verschiedensten Fl\u00fcssigkeiten wie z.B. Wasser, Zuckerwasser oder Honig gef\u00fcllt werden. Zudem kann man ein Futtertier in ihnen platzieren. Sie lassen sich einfach mit einem feuchten [&hellip;]<\/p>\n","protected":false},"featured_media":6733,"template":"","meta":[],"product_brand":[],"product_cat":[58],"product_tag":[172,174,173],"class_list":{"0":"post-6739","1":"product","2":"type-product","3":"status-publish","4":"has-post-thumbnail","6":"product_cat-zubehoer","7":"product_tag-futternaepfe","8":"product_tag-futterschalen","9":"product_tag-naepfe","11":"entry","12":"has-media","14":"first","15":"instock","16":"shipping-taxable","17":"purchasable","18":"product-type-variable","19":"has-product-nav","20":"col","21":"span_1_of_3","22":"owp-content-center","23":"owp-thumbs-layout-horizontal","24":"owp-btn-normal","25":"owp-tabs-layout-horizontal"},"aioseo_notices":[],"jetpack_sharing_enabled":true,"_links":{"self":[{"href":"https:\/\/special-ants.store\/index.php?rest_route=\/wp\/v2\/product\/6739","targetHints":{"allow":["GET"]}}],"collection":[{"href":"https:\/\/special-ants.store\/index.php?rest_route=\/wp\/v2\/product"}],"about":[{"href":"https:\/\/special-ants.store\/index.php?rest_route=\/wp\/v2\/types\/product"}],"wp:featuredmedia":[{"embeddable":true,"href":"https:\/\/special-ants.store\/index.php?rest_route=\/wp\/v2\/media\/6733"}],"wp:attachment":[{"href":"https:\/\/special-ants.store\/index.php?rest_route=%2Fwp%2Fv2%2Fmedia&parent=6739"}],"wp:term":[{"taxonomy":"product_brand","embeddable":true,"href":"https:\/\/special-ants.store\/index.php?rest_route=%2Fwp%2Fv2%2Fproduct_brand&post=6739"},{"taxonomy":"product_cat","embeddable":true,"href":"https:\/\/special-ants.store\/index.php?rest_route=%2Fwp%2Fv2%2Fproduct_cat&post=6739"},{"taxonomy":"product_tag","embeddable":true,"href":"https:\/\/special-ants.store\/index.php?rest_route=%2Fwp%2Fv2%2Fproduct_tag&post=6739"}],"curies":[{"name":"wp","href":"https:\/\/api.w.org\/{rel}","templated":true}]}}