{"id":7125,"date":"2024-07-17T18:44:56","date_gmt":"2024-07-17T17:44:56","guid":{"rendered":"https:\/\/special-ants.store\/?post_type=product&#038;p=7125"},"modified":"2026-04-18T18:36:26","modified_gmt":"2026-04-18T17:36:26","slug":"polyrhachis-dives","status":"publish","type":"product","link":"https:\/\/special-ants.store\/?product=polyrhachis-dives","title":{"rendered":"Polyrhachis dives"},"content":{"rendered":"<p><b>Name:<\/b> Polyrhachis dives<\/p>\n<p><b>Herkunft:<\/b> Vietnam<\/p>\n<p><b>K\u00f6nigin:<\/b> ca. 8 \u2013 11 mm<\/p>\n<p><b>Arbeiterinnen:<\/b> ca. 6 \u2013 9 mm<\/p>\n<p><b>Nahrung:<\/b> Kohlenhydrate (z.B. Honig, Agavendicksaft, Zuckerwasser), Proteine (Futtertiere, z.B. Schaben, Fliegen)<\/p>\n<p><b>Luftfeuchtigkeit: Arena: <\/b>50 &#8211; 80% <b>Nest: <\/b>50 &#8211; 80%<\/p>\n<p><b>Temperatur:<\/b> <b>Arena: <\/b>24 &#8211; 28 Grad <b>Nest: <\/b>24 &#8211; 28 Grad<\/p>\n<p><b>Winterruhe: <\/b>Nein<\/p>\n<p><b>Nestart: <\/b>Eigene Gespinstnester<\/p>\n<p><b>Koloniegr\u00f6\u00dfe:<\/b> viele Tausend Arbeiterinnen<\/p>\n<h6><\/h6>\n<h6><\/h6>\n<h6><b>Vorteile und Nachteile der Art Polyrhachis dives:<\/b><\/h6>\n<p>&nbsp;<\/p>\n<p><b>Vorteile: <\/b><\/p>\n<p>Die Haltung der Polyrhachis dives ist sehr spannend. Sie sind sehr gut f\u00fcr den Einstieg in die Weberhaltung geeignet. Polyrhachis dives verzeihen kleine Fehler, da sie relativ robust sind. Sie haben keine Winterruhe und eine sehr schnelle Entwicklung. Die Art baut faszinierende Nester und benutzt ihre Larven zum verspinnen des Nestes. Au\u00dferdem haben sie ein wundersch\u00f6nes Aussehen. Man kann gut das schnelle Wachstum beobachten und es gibt immer Aktivit\u00e4t.<\/p>\n<p><b>Nachteile:<\/b><\/p>\n<p>Polyrhachis dives brauchen viel Platz. Zudem k\u00f6nnte die schnelle Entwicklung als Nachteil gesehen werden.<\/p>\n<p>&nbsp;<\/p>\n<h6><\/h6>\n<h6><\/h6>\n<h6><b>Haltung:<\/b><\/h6>\n<p>&nbsp;<\/p>\n<p>Die Haltung der Polyrhachis dives ist sehr spannend. Wir empfehlen echte\/ Kunstpflanzen oder Geflechtkugeln als Nest. Zus\u00e4tzlich raten wir, die Art auf 24 bis 28 Grad zu beheizen. Sie brauchen viel Platz. Au\u00dferdem muss auf einen guten Ausbruchsschutz geachtet werden.<\/p>\n<h6><\/h6>\n<h6><\/h6>\n<h6><b>F\u00fctterung:<\/b><\/h6>\n<p>&nbsp;<\/p>\n<p>Es gibt keine Schwierigkeiten bei der F\u00fctterung.<\/p>\n<p>Stellen Sie alle 3 &#8211; 4 Tage Proteine in Form von z.B. Schaben, Fliegen oder Soldatenfliegenlarven zur Verf\u00fcgung. Einfrieren oder abbr\u00fchen der Futtertiere vor der F\u00fctterung t\u00f6tet Milben ab!<br \/>\nAu\u00dferdem ben\u00f6tigen sie auch Kohlenhydrate in Form von z.B. Honig, Agavendicksaft oder Zuckerwasser. Denken Sie daran das Zuckerwasser jede Woche zu wechseln. Es kann ansonsten zu Vergiftungen f\u00fchren!<\/p>\n","protected":false},"excerpt":{"rendered":"<p>Name: Polyrhachis dives Herkunft: Vietnam K\u00f6nigin: ca. 8 \u2013 11 mm Arbeiterinnen: ca. 6 \u2013 9 mm Nahrung: Kohlenhydrate (z.B. Honig, Agavendicksaft, Zuckerwasser), Proteine (Futtertiere, z.B. Schaben, Fliegen) Luftfeuchtigkeit: Arena: 50 &#8211; 80% Nest: 50 &#8211; 80% Temperatur: Arena: 24 &#8211; 28 Grad Nest: 24 &#8211; 28 Grad Winterruhe: Nein Nestart: Eigene Gespinstnester Koloniegr\u00f6\u00dfe: viele [&hellip;]<\/p>\n","protected":false},"featured_media":7124,"template":"","meta":[],"product_brand":[],"product_cat":[56],"product_tag":[],"class_list":{"0":"post-7125","1":"product","2":"type-product","3":"status-publish","4":"has-post-thumbnail","6":"product_cat-ameisen","8":"entry","9":"has-media","11":"first","12":"outofstock","13":"shipping-taxable","14":"purchasable","15":"product-type-variable","16":"has-product-nav","17":"col","18":"span_1_of_3","19":"owp-content-center","20":"owp-thumbs-layout-horizontal","21":"owp-btn-normal","22":"owp-tabs-layout-horizontal","23":"has-no-thumbnails"},"aioseo_notices":[],"jetpack_sharing_enabled":true,"_links":{"self":[{"href":"https:\/\/special-ants.store\/index.php?rest_route=\/wp\/v2\/product\/7125","targetHints":{"allow":["GET"]}}],"collection":[{"href":"https:\/\/special-ants.store\/index.php?rest_route=\/wp\/v2\/product"}],"about":[{"href":"https:\/\/special-ants.store\/index.php?rest_route=\/wp\/v2\/types\/product"}],"wp:featuredmedia":[{"embeddable":true,"href":"https:\/\/special-ants.store\/index.php?rest_route=\/wp\/v2\/media\/7124"}],"wp:attachment":[{"href":"https:\/\/special-ants.store\/index.php?rest_route=%2Fwp%2Fv2%2Fmedia&parent=7125"}],"wp:term":[{"taxonomy":"product_brand","embeddable":true,"href":"https:\/\/special-ants.store\/index.php?rest_route=%2Fwp%2Fv2%2Fproduct_brand&post=7125"},{"taxonomy":"product_cat","embeddable":true,"href":"https:\/\/special-ants.store\/index.php?rest_route=%2Fwp%2Fv2%2Fproduct_cat&post=7125"},{"taxonomy":"product_tag","embeddable":true,"href":"https:\/\/special-ants.store\/index.php?rest_route=%2Fwp%2Fv2%2Fproduct_tag&post=7125"}],"curies":[{"name":"wp","href":"https:\/\/api.w.org\/{rel}","templated":true}]}}