{"id":7294,"date":"2024-09-19T20:23:04","date_gmt":"2024-09-19T19:23:04","guid":{"rendered":"https:\/\/special-ants.store\/?post_type=product&#038;p=7294"},"modified":"2026-03-22T19:17:27","modified_gmt":"2026-03-22T18:17:27","slug":"reagenzglas-arena-klein","status":"publish","type":"product","link":"https:\/\/special-ants.store\/?product=reagenzglas-arena-klein","title":{"rendered":"Reagenzglas Arena Mini"},"content":{"rendered":"<h6><\/h6>\n<p>&nbsp;<\/p>\n<p>Sie sind auf der Suche nach einer geeigneten Reagenzglas Arena f\u00fcr Ihre Ameisen? Dann sind Sie hier genau richtig.<\/p>\n<p>Unsere Reagenzglas Arenen wurden speziell f\u00fcr die Versorgung von Ameisen entwickelt. Sie sind perfekt f\u00fcr kleine Kolonien geeignet. Die Ameisen k\u00f6nnen dort gef\u00fcttert werden, zudem haben sie dort Auslauf. Die Arenen k\u00f6nnen problemlos an ein 16 mm Reagenzglas angeschlossen werden. Der O-Ringe sorgt f\u00fcr eine perfekte Abdichtung. Sie lassen sich einfach mit einem feuchten Tuch oder Schwamm reinigen.<\/p>\n<h6><\/h6>\n<h6><\/h6>\n<h6><b>Allgemeine Informationen:<\/b><\/h6>\n<p>&nbsp;<\/p>\n<p><b>L\u00e4nge x Breite x H\u00f6he:<\/b><\/p>\n<p>5 x 2,5 x 2 cm<\/p>\n<p><b>Material:<\/b><\/p>\n<p>PLA NX2, Acrylglas<\/p>\n<p><b>Farbe:<\/b><\/p>\n<p>wei\u00df<\/p>\n<p><b>Inhalt:<\/b><\/p>\n<p>1x Deckel<\/p>\n<p>1x Arena<\/p>\n<p>1x O-Ring<\/p>\n<h6><\/h6>\n<h6><\/h6>\n<h6><b>Hersteller:<\/b><\/h6>\n<p>&nbsp;<\/p>\n<p>Martin Ritter-\u00dcbelh\u00f6r<br \/>\nHomeforAnts<br \/>\nBrunnenstra\u00dfe 24c<br \/>\n88662 \u00dcberlingen<br \/>\nDeutschland<\/p>\n<p>E-Mail: kontakt@homeforants.de<\/p>\n","protected":false},"excerpt":{"rendered":"<p>&nbsp; Sie sind auf der Suche nach einer geeigneten Reagenzglas Arena f\u00fcr Ihre Ameisen? Dann sind Sie hier genau richtig. Unsere Reagenzglas Arenen wurden speziell f\u00fcr die Versorgung von Ameisen entwickelt. Sie sind perfekt f\u00fcr kleine Kolonien geeignet. Die Ameisen k\u00f6nnen dort gef\u00fcttert werden, zudem haben sie dort Auslauf. Die Arenen k\u00f6nnen problemlos an ein [&hellip;]<\/p>\n","protected":false},"featured_media":7301,"template":"","meta":[],"product_brand":[],"product_cat":[58],"product_tag":[],"class_list":{"0":"post-7294","1":"product","2":"type-product","3":"status-publish","4":"has-post-thumbnail","6":"product_cat-zubehoer","8":"entry","9":"has-media","11":"first","12":"instock","13":"shipping-taxable","14":"purchasable","15":"product-type-simple","16":"has-product-nav","17":"col","18":"span_1_of_3","19":"owp-content-center","20":"owp-thumbs-layout-horizontal","21":"owp-btn-normal","22":"owp-tabs-layout-horizontal"},"aioseo_notices":[],"jetpack_sharing_enabled":true,"_links":{"self":[{"href":"https:\/\/special-ants.store\/index.php?rest_route=\/wp\/v2\/product\/7294","targetHints":{"allow":["GET"]}}],"collection":[{"href":"https:\/\/special-ants.store\/index.php?rest_route=\/wp\/v2\/product"}],"about":[{"href":"https:\/\/special-ants.store\/index.php?rest_route=\/wp\/v2\/types\/product"}],"wp:featuredmedia":[{"embeddable":true,"href":"https:\/\/special-ants.store\/index.php?rest_route=\/wp\/v2\/media\/7301"}],"wp:attachment":[{"href":"https:\/\/special-ants.store\/index.php?rest_route=%2Fwp%2Fv2%2Fmedia&parent=7294"}],"wp:term":[{"taxonomy":"product_brand","embeddable":true,"href":"https:\/\/special-ants.store\/index.php?rest_route=%2Fwp%2Fv2%2Fproduct_brand&post=7294"},{"taxonomy":"product_cat","embeddable":true,"href":"https:\/\/special-ants.store\/index.php?rest_route=%2Fwp%2Fv2%2Fproduct_cat&post=7294"},{"taxonomy":"product_tag","embeddable":true,"href":"https:\/\/special-ants.store\/index.php?rest_route=%2Fwp%2Fv2%2Fproduct_tag&post=7294"}],"curies":[{"name":"wp","href":"https:\/\/api.w.org\/{rel}","templated":true}]}}