{"id":7537,"date":"2024-12-13T15:38:33","date_gmt":"2024-12-13T14:38:33","guid":{"rendered":"https:\/\/special-ants.store\/?post_type=product&#038;p=7537"},"modified":"2026-03-31T18:01:10","modified_gmt":"2026-03-31T17:01:10","slug":"ameisenschleusen","status":"publish","type":"product","link":"https:\/\/special-ants.store\/?product=ameisenschleusen","title":{"rendered":"Ameisenschleusen"},"content":{"rendered":"<h6><\/h6>\n<p>&nbsp;<\/p>\n<p>Sie sind auf der Suche nach geeigneten Ameisenschleusen f\u00fcr Ihre Ameisen? Dann sind Sie hier genau richtig.<\/p>\n<p>Unsere Ameisenschleusen wurden speziell f\u00fcr die Ameisenhaltung entwickelt. Man kann sie als Verbinder f\u00fcr zwei Schl\u00e4uche benutzen. Sie k\u00f6nnen dann entscheiden ob die Ameisen hindurch laufen d\u00fcrfen oder nicht. Dies erm\u00f6glicht den Bau eines gro\u00dfen Setup ohne direkt alles f\u00fcr die Ameisen freizugeben. Die Ameisenschleusen werden komplett zusammengebaut geliefert und sind somit sofort einsatzbereit!<\/p>\n<h6><\/h6>\n<h6><\/h6>\n<h6><b>Allgemeine Informationen:<\/b><\/h6>\n<p>&nbsp;<\/p>\n<p><b>Gr\u00f6\u00dfe:<\/b><\/p>\n<p>Verschiedene Gr\u00f6\u00dfen erh\u00e4ltlich:<\/p>\n<p>10mm\/ 12mm\/ 14mm\/ 16mm\/ 18mm\/ 20mm<\/p>\n<p><b>Material:<\/b><\/p>\n<p>PLA NX2<\/p>\n<p><b>Farbe:<\/b><\/p>\n<p>wei\u00df<\/p>\n<p><b>Inhalt:<\/b><\/p>\n<p>1x Ameisenschleuse<\/p>\n<h6><\/h6>\n<h6><\/h6>\n<h6><b>Hersteller:<\/b><\/h6>\n<p>&nbsp;<\/p>\n<p>Martin Ritter-\u00dcbelh\u00f6r<br \/>\nHomeforAnts<br \/>\nBrunnenstra\u00dfe 24c<br \/>\n88662 \u00dcberlingen<br \/>\nDeutschland<\/p>\n<p>E-Mail: kontakt@homeforants.de<\/p>\n<p>&nbsp;<\/p>\n<p>&nbsp;<\/p>\n<p>&nbsp;<\/p>\n","protected":false},"excerpt":{"rendered":"<p>&nbsp; Sie sind auf der Suche nach geeigneten Ameisenschleusen f\u00fcr Ihre Ameisen? Dann sind Sie hier genau richtig. Unsere Ameisenschleusen wurden speziell f\u00fcr die Ameisenhaltung entwickelt. Man kann sie als Verbinder f\u00fcr zwei Schl\u00e4uche benutzen. Sie k\u00f6nnen dann entscheiden ob die Ameisen hindurch laufen d\u00fcrfen oder nicht. Dies erm\u00f6glicht den Bau eines gro\u00dfen Setup ohne [&hellip;]<\/p>\n","protected":false},"featured_media":7599,"template":"","meta":[],"product_brand":[],"product_cat":[58],"product_tag":[116],"class_list":{"0":"post-7537","1":"product","2":"type-product","3":"status-publish","4":"has-post-thumbnail","6":"product_cat-zubehoer","7":"product_tag-ameisennest","9":"entry","10":"has-media","12":"first","13":"instock","14":"shipping-taxable","15":"purchasable","16":"product-type-variable","17":"has-product-nav","18":"col","19":"span_1_of_3","20":"owp-content-center","21":"owp-thumbs-layout-horizontal","22":"owp-btn-normal","23":"owp-tabs-layout-horizontal","24":"has-no-thumbnails"},"aioseo_notices":[],"jetpack_sharing_enabled":true,"_links":{"self":[{"href":"https:\/\/special-ants.store\/index.php?rest_route=\/wp\/v2\/product\/7537","targetHints":{"allow":["GET"]}}],"collection":[{"href":"https:\/\/special-ants.store\/index.php?rest_route=\/wp\/v2\/product"}],"about":[{"href":"https:\/\/special-ants.store\/index.php?rest_route=\/wp\/v2\/types\/product"}],"wp:featuredmedia":[{"embeddable":true,"href":"https:\/\/special-ants.store\/index.php?rest_route=\/wp\/v2\/media\/7599"}],"wp:attachment":[{"href":"https:\/\/special-ants.store\/index.php?rest_route=%2Fwp%2Fv2%2Fmedia&parent=7537"}],"wp:term":[{"taxonomy":"product_brand","embeddable":true,"href":"https:\/\/special-ants.store\/index.php?rest_route=%2Fwp%2Fv2%2Fproduct_brand&post=7537"},{"taxonomy":"product_cat","embeddable":true,"href":"https:\/\/special-ants.store\/index.php?rest_route=%2Fwp%2Fv2%2Fproduct_cat&post=7537"},{"taxonomy":"product_tag","embeddable":true,"href":"https:\/\/special-ants.store\/index.php?rest_route=%2Fwp%2Fv2%2Fproduct_tag&post=7537"}],"curies":[{"name":"wp","href":"https:\/\/api.w.org\/{rel}","templated":true}]}}