{"id":7545,"date":"2024-12-13T16:00:54","date_gmt":"2024-12-13T15:00:54","guid":{"rendered":"https:\/\/special-ants.store\/?post_type=product&#038;p=7545"},"modified":"2026-05-02T17:10:50","modified_gmt":"2026-05-02T16:10:50","slug":"gittereinsatz","status":"publish","type":"product","link":"https:\/\/special-ants.store\/?product=gittereinsatz","title":{"rendered":"Gittereinsatz"},"content":{"rendered":"<h6><\/h6>\n<p>&nbsp;<\/p>\n<p>Sie sind auf der Suche nach einem geeigneten Gittereinsatz f\u00fcr Ihre Ameisenbecken? Dann sind Sie hier genau richtig.<br \/>\nUnsere Gittereins\u00e4tze wurden speziell f\u00fcr Becken mit 27 mm und 50 mm Bohrung entwickelt. Sie k\u00f6nnen einfach in die Bohrung gesteckt werden. Die Gittereins\u00e4tze bestehen aus feinem Edelstahlgewebe, welches das Entkommen der Ameisen verhindert. Durch die die Gittereins\u00e4tze ist eine gute Luftzirkulation im Becken gew\u00e4hrleistet. Zudem lassen sich die Gittereins\u00e4tze einfach mit einem feuchten Tuch oder Schwamm reinigen.<\/p>\n<p>&nbsp;<\/p>\n<h6><b>Allgemeine Informationen:<\/b><\/h6>\n<p>&nbsp;<\/p>\n<p><b>Gr\u00f6\u00dfe:<\/b><\/p>\n<p>Verschiedene Gr\u00f6\u00dfen erh\u00e4ltlich:<\/p>\n<p>27 mm\/ 50 mm<\/p>\n<p><b>Material:<\/b><\/p>\n<p>PLA NX2, Edelstahl<\/p>\n<p><b>Farbe:<\/b><\/p>\n<p>wei\u00df<\/p>\n<p><b>Inhalt:<\/b><\/p>\n<p>1x Gittereinsatz<\/p>\n<h6><\/h6>\n<h6><\/h6>\n<h6><b>Hersteller:<\/b><\/h6>\n<p>&nbsp;<\/p>\n<p>Martin Ritter-\u00dcbelh\u00f6r<br \/>\nHomeforAnts<br \/>\nBrunnenstra\u00dfe 24c<br \/>\n88662 \u00dcberlingen<br \/>\nDeutschland<\/p>\n<p>E-Mail: kontakt@homeforants.de<\/p>\n","protected":false},"excerpt":{"rendered":"<p>&nbsp; Sie sind auf der Suche nach einem geeigneten Gittereinsatz f\u00fcr Ihre Ameisenbecken? Dann sind Sie hier genau richtig. Unsere Gittereins\u00e4tze wurden speziell f\u00fcr Becken mit 27 mm und 50 mm Bohrung entwickelt. Sie k\u00f6nnen einfach in die Bohrung gesteckt werden. Die Gittereins\u00e4tze bestehen aus feinem Edelstahlgewebe, welches das Entkommen der Ameisen verhindert. Durch die [&hellip;]<\/p>\n","protected":false},"featured_media":7596,"template":"","meta":[],"product_brand":[],"product_cat":[58],"product_tag":[],"class_list":{"0":"post-7545","1":"product","2":"type-product","3":"status-publish","4":"has-post-thumbnail","6":"product_cat-zubehoer","8":"entry","9":"has-media","11":"first","12":"instock","13":"shipping-taxable","14":"purchasable","15":"product-type-variable","16":"has-product-nav","17":"col","18":"span_1_of_3","19":"owp-content-center","20":"owp-thumbs-layout-horizontal","21":"owp-btn-normal","22":"owp-tabs-layout-horizontal","23":"has-no-thumbnails"},"aioseo_notices":[],"jetpack_sharing_enabled":true,"_links":{"self":[{"href":"https:\/\/special-ants.store\/index.php?rest_route=\/wp\/v2\/product\/7545","targetHints":{"allow":["GET"]}}],"collection":[{"href":"https:\/\/special-ants.store\/index.php?rest_route=\/wp\/v2\/product"}],"about":[{"href":"https:\/\/special-ants.store\/index.php?rest_route=\/wp\/v2\/types\/product"}],"wp:featuredmedia":[{"embeddable":true,"href":"https:\/\/special-ants.store\/index.php?rest_route=\/wp\/v2\/media\/7596"}],"wp:attachment":[{"href":"https:\/\/special-ants.store\/index.php?rest_route=%2Fwp%2Fv2%2Fmedia&parent=7545"}],"wp:term":[{"taxonomy":"product_brand","embeddable":true,"href":"https:\/\/special-ants.store\/index.php?rest_route=%2Fwp%2Fv2%2Fproduct_brand&post=7545"},{"taxonomy":"product_cat","embeddable":true,"href":"https:\/\/special-ants.store\/index.php?rest_route=%2Fwp%2Fv2%2Fproduct_cat&post=7545"},{"taxonomy":"product_tag","embeddable":true,"href":"https:\/\/special-ants.store\/index.php?rest_route=%2Fwp%2Fv2%2Fproduct_tag&post=7545"}],"curies":[{"name":"wp","href":"https:\/\/api.w.org\/{rel}","templated":true}]}}