{"id":7550,"date":"2024-12-13T18:19:39","date_gmt":"2024-12-13T17:19:39","guid":{"rendered":"https:\/\/special-ants.store\/?post_type=product&#038;p=7550"},"modified":"2026-05-09T14:07:37","modified_gmt":"2026-05-09T13:07:37","slug":"reagenzglasabdeckung-und-ablage","status":"publish","type":"product","link":"https:\/\/special-ants.store\/?product=reagenzglasabdeckung-und-ablage","title":{"rendered":"Reagenzglasabdeckung und Ablage"},"content":{"rendered":"<h6><\/h6>\n<p>&nbsp;<\/p>\n<p>Sie sind auf der Suche nach einer Reagenzglasabdeckung und Ablage f\u00fcr Ihre Ameisen? Dann sind Sie hier genau richtig.<\/p>\n<p>Unsere Reagenzglasabdeckung und Ablage wurde speziell f\u00fcr die Ameisenhaltung entwickelt. Sie k\u00f6nnen das Reagenzglas einfach auf der Ablage platzieren. Diese verhindert das unkontrollierte Bewegen des Reagenzglases. Die Abdeckung verdunkelt das Reagenzglas und bietet den Ameisen eine angenehme Umgebung. Sie sind erh\u00e4ltlich in beiden Standard-Reagenzglas-Gr\u00f6\u00dfen (16 mm\/ 20 mm). Zudem l\u00e4sst sich die Reagenzglasabdeckung und Ablage einfach mit einem feuchten Tuch oder Schwamm reinigen.<\/p>\n<p>&nbsp;<\/p>\n<h6><b>Allgemeine Informationen:<\/b><\/h6>\n<p>&nbsp;<\/p>\n<p><b>Gr\u00f6\u00dfe:<\/b><\/p>\n<p>L\u00e4nge: 100 &#8211; 200 mm<\/p>\n<p>Breite: 24 &#8211; 38 mm (abh\u00e4ngig vom Reagenzglasdurchmesser)<\/p>\n<p>H\u00f6he: 16 &#8211; 36 mm (abh\u00e4ngig vom Reagenzglasdurchmesser)<\/p>\n<p><b>Material:<\/b><\/p>\n<p>PLA NX2<\/p>\n<p><b>Farbe:<\/b><\/p>\n<p>wei\u00df<\/p>\n<p><b>Inhalt:<\/b><\/p>\n<p>1x Reagenzglasabdeckung<\/p>\n<p>1x Reagenzglasablage<\/p>\n<h6><\/h6>\n<h6><\/h6>\n<h6><b>Hersteller:<\/b><\/h6>\n<p>&nbsp;<\/p>\n<p>Martin Ritter-\u00dcbelh\u00f6r<br \/>\nHomeforAnts<br \/>\nBrunnenstra\u00dfe 24c<br \/>\n88662 \u00dcberlingen<br \/>\nDeutschland<\/p>\n<p>E-Mail: kontakt@homeforants.de<\/p>\n","protected":false},"excerpt":{"rendered":"<p>&nbsp; Sie sind auf der Suche nach einer Reagenzglasabdeckung und Ablage f\u00fcr Ihre Ameisen? Dann sind Sie hier genau richtig. Unsere Reagenzglasabdeckung und Ablage wurde speziell f\u00fcr die Ameisenhaltung entwickelt. Sie k\u00f6nnen das Reagenzglas einfach auf der Ablage platzieren. Diese verhindert das unkontrollierte Bewegen des Reagenzglases. Die Abdeckung verdunkelt das Reagenzglas und bietet den Ameisen [&hellip;]<\/p>\n","protected":false},"featured_media":7605,"template":"","meta":[],"product_brand":[],"product_cat":[58],"product_tag":[],"class_list":{"0":"post-7550","1":"product","2":"type-product","3":"status-publish","4":"has-post-thumbnail","6":"product_cat-zubehoer","8":"entry","9":"has-media","11":"first","12":"instock","13":"shipping-taxable","14":"purchasable","15":"product-type-variable","16":"has-product-nav","17":"col","18":"span_1_of_3","19":"owp-content-center","20":"owp-thumbs-layout-horizontal","21":"owp-btn-normal","22":"owp-tabs-layout-horizontal","23":"has-no-thumbnails"},"aioseo_notices":[],"jetpack_sharing_enabled":true,"_links":{"self":[{"href":"https:\/\/special-ants.store\/index.php?rest_route=\/wp\/v2\/product\/7550","targetHints":{"allow":["GET"]}}],"collection":[{"href":"https:\/\/special-ants.store\/index.php?rest_route=\/wp\/v2\/product"}],"about":[{"href":"https:\/\/special-ants.store\/index.php?rest_route=\/wp\/v2\/types\/product"}],"wp:featuredmedia":[{"embeddable":true,"href":"https:\/\/special-ants.store\/index.php?rest_route=\/wp\/v2\/media\/7605"}],"wp:attachment":[{"href":"https:\/\/special-ants.store\/index.php?rest_route=%2Fwp%2Fv2%2Fmedia&parent=7550"}],"wp:term":[{"taxonomy":"product_brand","embeddable":true,"href":"https:\/\/special-ants.store\/index.php?rest_route=%2Fwp%2Fv2%2Fproduct_brand&post=7550"},{"taxonomy":"product_cat","embeddable":true,"href":"https:\/\/special-ants.store\/index.php?rest_route=%2Fwp%2Fv2%2Fproduct_cat&post=7550"},{"taxonomy":"product_tag","embeddable":true,"href":"https:\/\/special-ants.store\/index.php?rest_route=%2Fwp%2Fv2%2Fproduct_tag&post=7550"}],"curies":[{"name":"wp","href":"https:\/\/api.w.org\/{rel}","templated":true}]}}