{"id":7553,"date":"2024-12-13T18:37:34","date_gmt":"2024-12-13T17:37:34","guid":{"rendered":"https:\/\/special-ants.store\/?post_type=product&#038;p=7553"},"modified":"2026-05-03T17:24:31","modified_gmt":"2026-05-03T16:24:31","slug":"futternaepfe-9er-set","status":"publish","type":"product","link":"https:\/\/special-ants.store\/?product=futternaepfe-9er-set","title":{"rendered":"Futtern\u00e4pfe 9er Set"},"content":{"rendered":"<h6><\/h6>\n<p>&nbsp;<\/p>\n<p><span style=\"font-size: large\">Sie sind auf der Suche nach geeigneten Futtern\u00e4pfen f\u00fcr Ihre Ameisen? Dann sind Sie hier genau richtig.<\/span><\/p>\n<p><span style=\"font-size: large\">Unsere Futtern\u00e4pfe wurden speziell f\u00fcr die Versorgung von Ameisen entwickelt. Sie k\u00f6nnen mit verschiedensten Fl\u00fcssigkeiten wie z.B. Wasser, Zuckerwasser oder Honig gef\u00fcllt werden. Zudem kann man ein Futtertier in ihnen platzieren. Sie lassen sich einfach mit einem feuchten Tuch oder Schwamm reinigen.<\/span><\/p>\n<p>&nbsp;<\/p>\n<h6><b>Allgemeine Informationen:<\/b><\/h6>\n<p>&nbsp;<\/p>\n<p><b>Gr\u00f6\u00dfe:<\/b><\/p>\n<p><span style=\"font-size: large\">eckige N\u00e4pfe: 37 x 25 x 8,5 mm<\/span><\/p>\n<p><span style=\"font-size: large\">runde N\u00e4pfe: 25 mm Durchmesser<\/span><\/p>\n<p><b>Material:<\/b><\/p>\n<p>PLA NX2<\/p>\n<p><b>Farbe:<\/b><\/p>\n<p>wei\u00df<\/p>\n<p><b>Inhalt:<\/b><\/p>\n<p><span style=\"font-size: large\">Futtern\u00e4pfe 9er Set<\/span><\/p>\n<h6><\/h6>\n<h6><b>Hersteller:<\/b><\/h6>\n<p>&nbsp;<\/p>\n<p>Martin Ritter-\u00dcbelh\u00f6r<br \/>\nHomeforAnts<br \/>\nBrunnenstra\u00dfe 24c<br \/>\n88662 \u00dcberlingen<br \/>\nDeutschland<\/p>\n<p>E-Mail: kontakt@homeforants.de<\/p>\n","protected":false},"excerpt":{"rendered":"<p>&nbsp; Sie sind auf der Suche nach geeigneten Futtern\u00e4pfen f\u00fcr Ihre Ameisen? Dann sind Sie hier genau richtig. Unsere Futtern\u00e4pfe wurden speziell f\u00fcr die Versorgung von Ameisen entwickelt. Sie k\u00f6nnen mit verschiedensten Fl\u00fcssigkeiten wie z.B. Wasser, Zuckerwasser oder Honig gef\u00fcllt werden. Zudem kann man ein Futtertier in ihnen platzieren. Sie lassen sich einfach mit einem [&hellip;]<\/p>\n","protected":false},"featured_media":7604,"template":"","meta":[],"product_brand":[],"product_cat":[58],"product_tag":[],"class_list":{"0":"post-7553","1":"product","2":"type-product","3":"status-publish","4":"has-post-thumbnail","6":"product_cat-zubehoer","8":"entry","9":"has-media","11":"first","12":"outofstock","13":"shipping-taxable","14":"purchasable","15":"product-type-simple","16":"has-product-nav","17":"col","18":"span_1_of_3","19":"owp-content-center","20":"owp-thumbs-layout-horizontal","21":"owp-btn-normal","22":"owp-tabs-layout-horizontal","23":"has-no-thumbnails"},"aioseo_notices":[],"jetpack_sharing_enabled":true,"_links":{"self":[{"href":"https:\/\/special-ants.store\/index.php?rest_route=\/wp\/v2\/product\/7553","targetHints":{"allow":["GET"]}}],"collection":[{"href":"https:\/\/special-ants.store\/index.php?rest_route=\/wp\/v2\/product"}],"about":[{"href":"https:\/\/special-ants.store\/index.php?rest_route=\/wp\/v2\/types\/product"}],"wp:featuredmedia":[{"embeddable":true,"href":"https:\/\/special-ants.store\/index.php?rest_route=\/wp\/v2\/media\/7604"}],"wp:attachment":[{"href":"https:\/\/special-ants.store\/index.php?rest_route=%2Fwp%2Fv2%2Fmedia&parent=7553"}],"wp:term":[{"taxonomy":"product_brand","embeddable":true,"href":"https:\/\/special-ants.store\/index.php?rest_route=%2Fwp%2Fv2%2Fproduct_brand&post=7553"},{"taxonomy":"product_cat","embeddable":true,"href":"https:\/\/special-ants.store\/index.php?rest_route=%2Fwp%2Fv2%2Fproduct_cat&post=7553"},{"taxonomy":"product_tag","embeddable":true,"href":"https:\/\/special-ants.store\/index.php?rest_route=%2Fwp%2Fv2%2Fproduct_tag&post=7553"}],"curies":[{"name":"wp","href":"https:\/\/api.w.org\/{rel}","templated":true}]}}