{"id":7651,"date":"2024-12-23T19:36:23","date_gmt":"2024-12-23T18:36:23","guid":{"rendered":"https:\/\/special-ants.store\/?post_type=product&#038;p=7651"},"modified":"2026-05-09T14:07:34","modified_gmt":"2026-05-09T13:07:34","slug":"reagenzglaseinlage","status":"publish","type":"product","link":"https:\/\/special-ants.store\/?product=reagenzglaseinlage","title":{"rendered":"Reagenzglaseinlage"},"content":{"rendered":"<h6><\/h6>\n<p>&nbsp;<\/p>\n<p><span style=\"font-size: large\">Sie sind auf der Suche nach geeigneten Einlagen f\u00fcr Ihre Reagenzgl\u00e4ser? Dann sind Sie hier genau richtig.<\/span><\/p>\n<p><span style=\"font-size: large\">Unsere Reagenzglaseinlagen wurden speziell f\u00fcr die Ameisen<\/span><span style=\"font-size: large\">haltung<\/span><span style=\"font-size: large\"> entwickelt. Sie <\/span><span style=\"font-size: large\">bieten den Ameisen festen Halt, sodass diese nicht auf dem Glas laufen m\u00fcssen.<\/span> <span style=\"font-size: large\">Die Einlagen k\u00f6nnen vorallem in der Gr\u00fcndung Wunder wirken!<\/span><span style=\"font-size: large\"> Sie lassen sich einfach mit einem feuchten Tuch oder Schwamm reinigen.<\/span><\/p>\n<h6><\/h6>\n<h6><\/h6>\n<h6><span style=\"font-size: large\"><b>Allgemeine Informationen:<\/b><\/span><\/h6>\n<h6><\/h6>\n<h6><span style=\"font-size: large\"><b>Gr\u00f6\u00dfe:<\/b><\/span><\/h6>\n<p><span style=\"font-size: large\">16mm:<\/span><\/p>\n<p><span style=\"font-size: large\">L\u00e4nge:<\/span><b> <\/b><span style=\"font-size: large\">70mm<\/span><\/p>\n<p><span style=\"font-size: large\">Durchmesser:<\/span><b> <\/b><span style=\"font-size: large\">16 mm Aussendurchmesser (Innendurchmesser 14mm) <\/span><\/p>\n<h6>20mm:<\/h6>\n<p>L\u00e4nge:<b> <\/b>100mm<\/p>\n<p>Durchmesser:<b>\u00a0<\/b>20 mm Aussendurchmesser (Innendurchmesser 18mm)<\/p>\n<p>&nbsp;<\/p>\n<h6><span style=\"font-size: large\"><b>Material:<\/b><\/span><\/h6>\n<p><span style=\"font-size: large\">PLA NX2<\/span><\/p>\n<p><span style=\"font-size: large\"><b>Farbe:<\/b><\/span><\/p>\n<p><span style=\"font-size: large\">wei\u00df<\/span><\/p>\n<h6><span style=\"font-size: large\"><b>Inhalt:<\/b><\/span><\/h6>\n<p><span style=\"font-size: large\">1x Reagenzglaseinlage<\/span><\/p>\n<h6><\/h6>\n<h6><\/h6>\n<h6><span style=\"font-size: large\"><b>Hersteller:<\/b><\/span><\/h6>\n<p><span style=\"font-size: large\">Martin Ritter-\u00dcbelh\u00f6r<\/span><\/p>\n<p><span style=\"font-size: large\">HomeforAnts<\/span><\/p>\n<p><span style=\"font-size: large\">Brunnenstra\u00dfe 24c<\/span><\/p>\n<p><span style=\"font-size: large\">88662 \u00dcberlingen<\/span><\/p>\n<p><span style=\"font-size: large\">Deutschland<\/span><\/p>\n<p><span style=\"font-size: large\">E-Mail: kontakt@homeforants.de<\/span><\/p>\n<p>&nbsp;<\/p>\n","protected":false},"excerpt":{"rendered":"<p>&nbsp; Sie sind auf der Suche nach geeigneten Einlagen f\u00fcr Ihre Reagenzgl\u00e4ser? Dann sind Sie hier genau richtig. Unsere Reagenzglaseinlagen wurden speziell f\u00fcr die Ameisenhaltung entwickelt. Sie bieten den Ameisen festen Halt, sodass diese nicht auf dem Glas laufen m\u00fcssen. Die Einlagen k\u00f6nnen vorallem in der Gr\u00fcndung Wunder wirken! Sie lassen sich einfach mit einem [&hellip;]<\/p>\n","protected":false},"featured_media":7656,"template":"","meta":[],"product_brand":[],"product_cat":[58],"product_tag":[],"class_list":{"0":"post-7651","1":"product","2":"type-product","3":"status-publish","4":"has-post-thumbnail","6":"product_cat-zubehoer","8":"entry","9":"has-media","11":"first","12":"instock","13":"shipping-taxable","14":"purchasable","15":"product-type-variable","16":"has-product-nav","17":"col","18":"span_1_of_3","19":"owp-content-center","20":"owp-thumbs-layout-horizontal","21":"owp-btn-normal","22":"owp-tabs-layout-horizontal","23":"has-no-thumbnails"},"aioseo_notices":[],"jetpack_sharing_enabled":true,"_links":{"self":[{"href":"https:\/\/special-ants.store\/index.php?rest_route=\/wp\/v2\/product\/7651","targetHints":{"allow":["GET"]}}],"collection":[{"href":"https:\/\/special-ants.store\/index.php?rest_route=\/wp\/v2\/product"}],"about":[{"href":"https:\/\/special-ants.store\/index.php?rest_route=\/wp\/v2\/types\/product"}],"wp:featuredmedia":[{"embeddable":true,"href":"https:\/\/special-ants.store\/index.php?rest_route=\/wp\/v2\/media\/7656"}],"wp:attachment":[{"href":"https:\/\/special-ants.store\/index.php?rest_route=%2Fwp%2Fv2%2Fmedia&parent=7651"}],"wp:term":[{"taxonomy":"product_brand","embeddable":true,"href":"https:\/\/special-ants.store\/index.php?rest_route=%2Fwp%2Fv2%2Fproduct_brand&post=7651"},{"taxonomy":"product_cat","embeddable":true,"href":"https:\/\/special-ants.store\/index.php?rest_route=%2Fwp%2Fv2%2Fproduct_cat&post=7651"},{"taxonomy":"product_tag","embeddable":true,"href":"https:\/\/special-ants.store\/index.php?rest_route=%2Fwp%2Fv2%2Fproduct_tag&post=7651"}],"curies":[{"name":"wp","href":"https:\/\/api.w.org\/{rel}","templated":true}]}}