{"id":7652,"date":"2024-12-23T19:54:33","date_gmt":"2024-12-23T18:54:33","guid":{"rendered":"https:\/\/special-ants.store\/?post_type=product&#038;p=7652"},"modified":"2026-05-10T17:44:42","modified_gmt":"2026-05-10T16:44:42","slug":"reagenzglasnaepfe","status":"publish","type":"product","link":"https:\/\/special-ants.store\/?product=reagenzglasnaepfe","title":{"rendered":"Reagenzglasn\u00e4pfe"},"content":{"rendered":"<p>&nbsp;<\/p>\n<p><span style=\"font-size: large\">Sie sind auf der Suche nach geeigneten Reagenzglasn\u00e4pfen f\u00fcr Ihre Ameisen? Dann sind Sie hier genau richtig.<\/span><\/p>\n<p><span style=\"font-size: large\">Unser<\/span><span style=\"font-size: large\">e<\/span> <span style=\"font-size: large\">Reagenzglasn\u00e4pfe<\/span><span style=\"font-size: large\"> wurden speziell f\u00fcr die Versorgung von Ameisen entwickelt. Sie k\u00f6nnen mit verschiedensten Fl\u00fcssigkeiten wie z.B. Wasser, Zuckerwasser oder Honig gef\u00fcllt werden. Zudem kann man ein Futtertier in ihnen platzieren. <\/span><span style=\"font-size: large\">Man kann die N\u00e4pfe einfach in das Reagenzglas schieben. <\/span><span style=\"font-size: large\">Sie lassen sich einfach mit einem feuchten Tuch oder Schwamm reinigen. <\/span><\/p>\n<p>&nbsp;<\/p>\n<p><span style=\"font-size: large\"><b>Allgemeine Informationen:<\/b><\/span><\/p>\n<p><span style=\"font-size: large\"><b>Material:<\/b><\/span><\/p>\n<p><span style=\"font-size: large\">PLA NX2<\/span><\/p>\n<p><span style=\"font-size: large\"><b>Farbe:<\/b><\/span><\/p>\n<p><span style=\"font-size: large\">wei\u00df<\/span><\/p>\n<p><span style=\"font-size: large\"><b>Inhalt:<\/b><\/span><\/p>\n<p><span style=\"font-size: large\">Verschiedene Mengen erh\u00e4ltlich:<\/span><\/p>\n<p><span style=\"font-size: large\">5x Reagenzglasnapf \/ 10x Reagenzglasnapf\/ 20x Reagenzglasnapf<\/span><\/p>\n<p>&nbsp;<\/p>\n<p><span style=\"font-size: large\"><b>Hersteller:<\/b><\/span><\/p>\n<p><span style=\"font-size: large\">Martin Ritter-\u00dcbelh\u00f6r<\/span><\/p>\n<p><span style=\"font-size: large\">HomeforAnts<\/span><\/p>\n<p><span style=\"font-size: large\">Brunnenstra\u00dfe 24c<\/span><\/p>\n<p><span style=\"font-size: large\">88662 \u00dcberlingen<\/span><\/p>\n<p><span style=\"font-size: large\">Deutschland<\/span><\/p>\n<p><span style=\"font-size: large\">E-Mail: kontakt@homeforants.de<\/span><\/p>\n<p>&nbsp;<\/p>\n","protected":false},"excerpt":{"rendered":"<p>&nbsp; Sie sind auf der Suche nach geeigneten Reagenzglasn\u00e4pfen f\u00fcr Ihre Ameisen? Dann sind Sie hier genau richtig. Unsere Reagenzglasn\u00e4pfe wurden speziell f\u00fcr die Versorgung von Ameisen entwickelt. Sie k\u00f6nnen mit verschiedensten Fl\u00fcssigkeiten wie z.B. Wasser, Zuckerwasser oder Honig gef\u00fcllt werden. Zudem kann man ein Futtertier in ihnen platzieren. Man kann die N\u00e4pfe einfach in [&hellip;]<\/p>\n","protected":false},"featured_media":7670,"template":"","meta":[],"product_brand":[],"product_cat":[58],"product_tag":[172,174,173],"class_list":{"0":"post-7652","1":"product","2":"type-product","3":"status-publish","4":"has-post-thumbnail","6":"product_cat-zubehoer","7":"product_tag-futternaepfe","8":"product_tag-futterschalen","9":"product_tag-naepfe","11":"entry","12":"has-media","14":"first","15":"instock","16":"shipping-taxable","17":"purchasable","18":"product-type-variable","19":"has-product-nav","20":"col","21":"span_1_of_3","22":"owp-content-center","23":"owp-thumbs-layout-horizontal","24":"owp-btn-normal","25":"owp-tabs-layout-horizontal","26":"has-no-thumbnails"},"aioseo_notices":[],"jetpack_sharing_enabled":true,"_links":{"self":[{"href":"https:\/\/special-ants.store\/index.php?rest_route=\/wp\/v2\/product\/7652","targetHints":{"allow":["GET"]}}],"collection":[{"href":"https:\/\/special-ants.store\/index.php?rest_route=\/wp\/v2\/product"}],"about":[{"href":"https:\/\/special-ants.store\/index.php?rest_route=\/wp\/v2\/types\/product"}],"wp:featuredmedia":[{"embeddable":true,"href":"https:\/\/special-ants.store\/index.php?rest_route=\/wp\/v2\/media\/7670"}],"wp:attachment":[{"href":"https:\/\/special-ants.store\/index.php?rest_route=%2Fwp%2Fv2%2Fmedia&parent=7652"}],"wp:term":[{"taxonomy":"product_brand","embeddable":true,"href":"https:\/\/special-ants.store\/index.php?rest_route=%2Fwp%2Fv2%2Fproduct_brand&post=7652"},{"taxonomy":"product_cat","embeddable":true,"href":"https:\/\/special-ants.store\/index.php?rest_route=%2Fwp%2Fv2%2Fproduct_cat&post=7652"},{"taxonomy":"product_tag","embeddable":true,"href":"https:\/\/special-ants.store\/index.php?rest_route=%2Fwp%2Fv2%2Fproduct_tag&post=7652"}],"curies":[{"name":"wp","href":"https:\/\/api.w.org\/{rel}","templated":true}]}}