{"id":7658,"date":"2024-12-23T20:22:34","date_gmt":"2024-12-23T19:22:34","guid":{"rendered":"https:\/\/special-ants.store\/?post_type=product&#038;p=7658"},"modified":"2026-03-22T18:47:08","modified_gmt":"2026-03-22T17:47:08","slug":"labisia-obtusifolia-turtle-back","status":"publish","type":"product","link":"https:\/\/special-ants.store\/?product=labisia-obtusifolia-turtle-back","title":{"rendered":"Labisia obtusifolia Turtle Back"},"content":{"rendered":"<div class=\"WAZqE7 QfrfFD cell\">\n<section class=\"Va_ZoC\" data-hook=\"description-wrapper\">\n<div class=\"LvOu6J\">\n<div class=\"vaI0UH\" data-hook=\"content-wrapper\">\n<h6>Beschreibung:<\/h6>\n<p>&nbsp;<\/p>\n<p>Labisia obtusifolia Turtle Back kommt aus Sumatra und ist eine sehr sch\u00f6ne Pflanze f\u00fcr Ihr Terrarium. Sie geh\u00f6rt zu den weniger anf\u00e4lligen Terrarienpflanzen. Labisia kann eine sch\u00f6ne Gr\u00f6\u00dfe erreichen, dies kommt jedoch auf die Gegebenheiten wie z.B. Platz und Licht an. Die Luftfeuchtigkeit sollte bei mindestens 70% liegen. Als Standort empfehlen wir einen halbschattig bis hellen Ort im Terrarium. Die optimalen Temperaturen liegen zwischen 20-26 Grad.<\/p>\n<\/div>\n<\/div>\n<p>&nbsp;<\/p>\n<p><strong>Lieferumfang:<\/strong><\/p>\n<div class=\"LvOu6J\">\n<div class=\"vaI0UH\" data-hook=\"content-wrapper\">\n<p>1x Labisia obtusifolia Turtle Back mit mindestens drei Bl\u00e4ttern<\/p>\n<p>&nbsp;<\/p>\n<p><span class=\" fc-falcon\"><b>Zus\u00e4tzliche<\/b> <b>Informationen:<\/b><\/span><\/p>\n<p>Wir versenden die Labisia in Sphagnum Moos!<\/p>\n<p>Die Produktfotos zeigen Beispiele der Pflanze. Sie erhalten eine vergleichbare Pflanze!<\/p>\n<p>&nbsp;<\/p>\n<\/div>\n<\/div>\n<\/section>\n<\/div>\n","protected":false},"excerpt":{"rendered":"<p>Beschreibung: &nbsp; Labisia obtusifolia Turtle Back kommt aus Sumatra und ist eine sehr sch\u00f6ne Pflanze f\u00fcr Ihr Terrarium. Sie geh\u00f6rt zu den weniger anf\u00e4lligen Terrarienpflanzen. Labisia kann eine sch\u00f6ne Gr\u00f6\u00dfe erreichen, dies kommt jedoch auf die Gegebenheiten wie z.B. Platz und Licht an. Die Luftfeuchtigkeit sollte bei mindestens 70% liegen. Als Standort empfehlen wir einen [&hellip;]<\/p>\n","protected":false},"featured_media":7683,"template":"","meta":[],"product_brand":[],"product_cat":[194],"product_tag":[],"class_list":{"0":"post-7658","1":"product","2":"type-product","3":"status-publish","4":"has-post-thumbnail","6":"product_cat-pflanzen","8":"entry","9":"has-media","11":"first","12":"outofstock","13":"shipping-taxable","14":"purchasable","15":"product-type-simple","16":"has-product-nav","17":"col","18":"span_1_of_3","19":"owp-content-center","20":"owp-thumbs-layout-horizontal","21":"owp-btn-normal","22":"owp-tabs-layout-horizontal"},"aioseo_notices":[],"jetpack_sharing_enabled":true,"_links":{"self":[{"href":"https:\/\/special-ants.store\/index.php?rest_route=\/wp\/v2\/product\/7658","targetHints":{"allow":["GET"]}}],"collection":[{"href":"https:\/\/special-ants.store\/index.php?rest_route=\/wp\/v2\/product"}],"about":[{"href":"https:\/\/special-ants.store\/index.php?rest_route=\/wp\/v2\/types\/product"}],"wp:featuredmedia":[{"embeddable":true,"href":"https:\/\/special-ants.store\/index.php?rest_route=\/wp\/v2\/media\/7683"}],"wp:attachment":[{"href":"https:\/\/special-ants.store\/index.php?rest_route=%2Fwp%2Fv2%2Fmedia&parent=7658"}],"wp:term":[{"taxonomy":"product_brand","embeddable":true,"href":"https:\/\/special-ants.store\/index.php?rest_route=%2Fwp%2Fv2%2Fproduct_brand&post=7658"},{"taxonomy":"product_cat","embeddable":true,"href":"https:\/\/special-ants.store\/index.php?rest_route=%2Fwp%2Fv2%2Fproduct_cat&post=7658"},{"taxonomy":"product_tag","embeddable":true,"href":"https:\/\/special-ants.store\/index.php?rest_route=%2Fwp%2Fv2%2Fproduct_tag&post=7658"}],"curies":[{"name":"wp","href":"https:\/\/api.w.org\/{rel}","templated":true}]}}