{"id":7991,"date":"2025-04-13T18:22:06","date_gmt":"2025-04-13T17:22:06","guid":{"rendered":"https:\/\/special-ants.store\/?post_type=product&#038;p=7991"},"modified":"2026-04-13T15:07:34","modified_gmt":"2026-04-13T14:07:34","slug":"ameisennest-gross-liegend-kork","status":"publish","type":"product","link":"https:\/\/special-ants.store\/?product=ameisennest-gross-liegend-kork","title":{"rendered":"Ameisennest gro\u00df\/liegend Kork"},"content":{"rendered":"<h6><b>Beschreibung:<\/b><\/h6>\n<p>&nbsp;<\/p>\n<p>Sie sind auf der Suche nach einem geeigneten Ameisennest f\u00fcr Ihre Ameisen? Dann sind Sie hier genau richtig.<\/p>\n<p>Unsere Ameisennester wurden speziell f\u00fcr die Ameisenhaltung entwickelt. Sie k\u00f6nnen verschiedenste Schlauchanschl\u00fcsse an das Nest anschlie\u00dfen. Durch das Gewindesystem haben sie eine sichere Verbindung zum Nest. Zudem k\u00f6nnen Sie mit den Stopfen das Ameisennest perfekt f\u00fcr die Winterruhe verschlie\u00dfen. Mit der roten Plexiglasscheibe kann das Nest abgedunkelt werden. Das Ameisennest wird komplett zusammengebaut geliefert und ist somit sofort einsatzbereit! Durch die Korkeinlage ist das Ameisennest perfekt f\u00fcr Arten geeignet die es eher trocken m\u00f6gen. Man sollte sich auch informieren welche Nestart in der Natur bevorzug wird.<\/p>\n<h6><\/h6>\n<h6><\/h6>\n<h6><b>Allgemeine Informationen:<\/b><\/h6>\n<p>&nbsp;<\/p>\n<p><b>L\u00e4nge x Breite x H\u00f6he:<\/b><\/p>\n<p>20 x 20 x 2,6 cm, ohne Ber\u00fccksichtigung der Anschl\u00fcsse!<\/p>\n<p><b>Kammerh\u00f6he:<\/b><\/p>\n<p>1,5 cm<b> <\/b><\/p>\n<p><b>Material:<\/b><\/p>\n<p>PLA NX2, Kork<\/p>\n<p><b>Farbe:<\/b><\/p>\n<p>wei\u00df<\/p>\n<p><b>Inhalt:<\/b><\/p>\n<p>1 x Ameisennest gro\u00df\/liegend<\/p>\n<p>2 x Schlauchanschluss<\/p>\n<p>2 x Stopfen<\/p>\n<p>1 x Rote Plexiglasscheibe<\/p>\n<h6><\/h6>\n<h6><\/h6>\n<h6><b>Hersteller:<\/b><\/h6>\n<p>&nbsp;<\/p>\n<p>Martin Ritter-\u00dcbelh\u00f6r<br \/>\nHomeforAnts<br \/>\nBrunnenstra\u00dfe 24c<br \/>\n88662 \u00dcberlingen<br \/>\nDeutschland<\/p>\n<p>E-Mail: kontakt@homeforants.de<\/p>\n<p>&nbsp;<\/p>\n<p>&nbsp;<\/p>\n","protected":false},"excerpt":{"rendered":"<p>Beschreibung: &nbsp; Sie sind auf der Suche nach einem geeigneten Ameisennest f\u00fcr Ihre Ameisen? Dann sind Sie hier genau richtig. Unsere Ameisennester wurden speziell f\u00fcr die Ameisenhaltung entwickelt. Sie k\u00f6nnen verschiedenste Schlauchanschl\u00fcsse an das Nest anschlie\u00dfen. Durch das Gewindesystem haben sie eine sichere Verbindung zum Nest. Zudem k\u00f6nnen Sie mit den Stopfen das Ameisennest perfekt [&hellip;]<\/p>\n","protected":false},"featured_media":8020,"template":"","meta":[],"product_brand":[],"product_cat":[57],"product_tag":[116],"class_list":{"0":"post-7991","1":"product","2":"type-product","3":"status-publish","4":"has-post-thumbnail","6":"product_cat-nester","7":"product_tag-ameisennest","9":"entry","10":"has-media","12":"first","13":"instock","14":"shipping-taxable","15":"purchasable","16":"product-type-variable","17":"has-product-nav","18":"col","19":"span_1_of_3","20":"owp-content-center","21":"owp-thumbs-layout-horizontal","22":"owp-btn-normal","23":"owp-tabs-layout-horizontal"},"aioseo_notices":[],"jetpack_sharing_enabled":true,"_links":{"self":[{"href":"https:\/\/special-ants.store\/index.php?rest_route=\/wp\/v2\/product\/7991","targetHints":{"allow":["GET"]}}],"collection":[{"href":"https:\/\/special-ants.store\/index.php?rest_route=\/wp\/v2\/product"}],"about":[{"href":"https:\/\/special-ants.store\/index.php?rest_route=\/wp\/v2\/types\/product"}],"wp:featuredmedia":[{"embeddable":true,"href":"https:\/\/special-ants.store\/index.php?rest_route=\/wp\/v2\/media\/8020"}],"wp:attachment":[{"href":"https:\/\/special-ants.store\/index.php?rest_route=%2Fwp%2Fv2%2Fmedia&parent=7991"}],"wp:term":[{"taxonomy":"product_brand","embeddable":true,"href":"https:\/\/special-ants.store\/index.php?rest_route=%2Fwp%2Fv2%2Fproduct_brand&post=7991"},{"taxonomy":"product_cat","embeddable":true,"href":"https:\/\/special-ants.store\/index.php?rest_route=%2Fwp%2Fv2%2Fproduct_cat&post=7991"},{"taxonomy":"product_tag","embeddable":true,"href":"https:\/\/special-ants.store\/index.php?rest_route=%2Fwp%2Fv2%2Fproduct_tag&post=7991"}],"curies":[{"name":"wp","href":"https:\/\/api.w.org\/{rel}","templated":true}]}}