{"id":8032,"date":"2025-05-10T22:30:22","date_gmt":"2025-05-10T21:30:22","guid":{"rendered":"https:\/\/special-ants.store\/?post_type=product&#038;p=8032"},"modified":"2026-04-12T13:52:40","modified_gmt":"2026-04-12T12:52:40","slug":"messor-barbarus-2","status":"publish","type":"product","link":"https:\/\/special-ants.store\/?product=messor-barbarus-2","title":{"rendered":"Messor dentatus"},"content":{"rendered":"<p><b>Name:<\/b> Messor dentatus<\/p>\n<p><b>Herkunft:<\/b> Grenze zwischen der T\u00fcrkei und dem Iran<\/p>\n<p><b>K\u00f6nigin:<\/b> ca. 13 &#8211; 16mm<\/p>\n<p><b>Arbeiterinnen:<\/b> ???<\/p>\n<p><b>Nahrung:<\/b> Samen (z.B. Chiasamen), Kohlenhydrate (z.B. Honig, Agavendicksaft, Zuckerwasser), Proteine (Futtertiere, z.B. Schaben, Fliegen)<\/p>\n<p><b>Luftfeuchtigkeit: Arena: <\/b>40 &#8211; 60% <b>Nest: <\/b>50 &#8211; 70%<\/p>\n<p><b>Temperatur:<\/b> <b>Arena: <\/b>22 &#8211; 27 Grad <b>Nest: <\/b>24 &#8211; 27 Grad<\/p>\n<p><b>Winterruhe: <\/b>Ja, Ende November bis Januar bei ca. 10 &#8211; 15 Grad!<\/p>\n<p><b>Nestart: <\/b>Wir empfehlen Ytong, Gips oder 3D mit Befeuchtung!<\/p>\n<p><b>Koloniegr\u00f6\u00dfe: <\/b>???<\/p>\n<p>&nbsp;<\/p>\n<p><b>Vorteile und Nachteile der Art Messor <\/b><strong>dentatus<\/strong><b>:<\/b><\/p>\n<p><b>Vorteile: <\/b><\/p>\n<p>Messor dentatus sind robust und daher f\u00fcr Anf\u00e4nger geeignet. Sie haben eine schnelle Entwicklung. In der Arena ist immer viel Aktivit\u00e4t. Die Art hat ein spannendes Verhalten da sie zu den Ernteameisen geh\u00f6rt. Zudem bilden sie Ameisenstra\u00dfen welche sch\u00f6n zu beobachten sind.<\/p>\n<p><b>Nachteile:<\/b><\/p>\n<p>Messor dentatus k\u00f6nnen sich gut durch Materialien bei\u00dfen! Wir empfehlen ein Nest mit Kunststoffummantelung.<\/p>\n<p>&nbsp;<\/p>\n<p><b>Haltung:<\/b><\/p>\n<p>Messor dentatus sind einfach in der Pflege.<\/p>\n<p>Da die Art zu den Ernteameisen geh\u00f6rt stellen sie Ameisenbrot aus K\u00f6rnern her. Dies vereinfacht die F\u00fctterung. Halten Sie die Kolonie am Anfang im Reagenzglas (Nest) und einer 10&#215;10 \u2013 20x20cm Arena. Sobald das Reagenzglas gut gef\u00fcllt ist k\u00f6nnen Sie ein Nest anbieten. Zudem wird es dann auch Zeit f\u00fcr eine weitere Arena. Vergr\u00f6\u00dfern Sie das Setup (Nest + Arena) mit steigender Koloniegr\u00f6\u00dfe.<\/p>\n<p>&nbsp;<\/p>\n<p><b>F\u00fctterung:<\/b><\/p>\n<p>Es gibt keine Schwierigkeiten bei der F\u00fctterung.<\/p>\n<p>Messor dentatus k\u00f6nnen ausschlie\u00dflich von K\u00f6rnern ern\u00e4hrt werden. F\u00fcr eine schnellere Entwicklung empfehlen wir aber auch Proteine. Stellen Sie alle 3 &#8211; 4 Tage Proteine in Form von z.B. Schaben, Fliegen oder Soldatenfliegenlarven zu Verf\u00fcgung. Einfrieren oder abbr\u00fchen der Futtertiere vor der F\u00fctterung t\u00f6tet Milben ab!<\/p>\n<p>&nbsp;<\/p>\n<p><b>Winterruhe:<\/b><\/p>\n<p>Messor barbarus ben\u00f6tigen eine Winterruhe von Ende November bis Januar bei ca. 10 &#8211; 15 Grad.<\/p>\n<p>Ein auslassen der Winterruhe kann negative Folgen f\u00fcr die Kolonie haben. Die Entwicklung der Brut kann sich verlangsamen. Zudem kann die Lebensdauer der K\u00f6nigin verk\u00fcrzt werden. W\u00e4hrend der Winterruhe braucht die Kolonie nur wenig Futter. Stellen Sie trotzdem dauerhaft K\u00f6rner zur Verf\u00fcgung. Achten Sie au\u00dferdem auf die Feuchtigkeit im Nest.<\/p>\n<p>&nbsp;<\/p>\n<p>&nbsp;<\/p>\n<p>&nbsp;<\/p>\n","protected":false},"excerpt":{"rendered":"<p>Name: Messor dentatus Herkunft: Grenze zwischen der T\u00fcrkei und dem Iran K\u00f6nigin: ca. 13 &#8211; 16mm Arbeiterinnen: ??? Nahrung: Samen (z.B. Chiasamen), Kohlenhydrate (z.B. Honig, Agavendicksaft, Zuckerwasser), Proteine (Futtertiere, z.B. Schaben, Fliegen) Luftfeuchtigkeit: Arena: 40 &#8211; 60% Nest: 50 &#8211; 70% Temperatur: Arena: 22 &#8211; 27 Grad Nest: 24 &#8211; 27 Grad Winterruhe: Ja, Ende [&hellip;]<\/p>\n","protected":false},"featured_media":8156,"template":"","meta":[],"product_brand":[],"product_cat":[56],"product_tag":[],"class_list":{"0":"post-8032","1":"product","2":"type-product","3":"status-publish","4":"has-post-thumbnail","6":"product_cat-ameisen","8":"entry","9":"has-media","11":"first","12":"outofstock","13":"shipping-taxable","14":"purchasable","15":"product-type-variable","16":"has-product-nav","17":"col","18":"span_1_of_3","19":"owp-content-center","20":"owp-thumbs-layout-horizontal","21":"owp-btn-normal","22":"owp-tabs-layout-horizontal"},"aioseo_notices":[],"jetpack_sharing_enabled":true,"_links":{"self":[{"href":"https:\/\/special-ants.store\/index.php?rest_route=\/wp\/v2\/product\/8032","targetHints":{"allow":["GET"]}}],"collection":[{"href":"https:\/\/special-ants.store\/index.php?rest_route=\/wp\/v2\/product"}],"about":[{"href":"https:\/\/special-ants.store\/index.php?rest_route=\/wp\/v2\/types\/product"}],"wp:featuredmedia":[{"embeddable":true,"href":"https:\/\/special-ants.store\/index.php?rest_route=\/wp\/v2\/media\/8156"}],"wp:attachment":[{"href":"https:\/\/special-ants.store\/index.php?rest_route=%2Fwp%2Fv2%2Fmedia&parent=8032"}],"wp:term":[{"taxonomy":"product_brand","embeddable":true,"href":"https:\/\/special-ants.store\/index.php?rest_route=%2Fwp%2Fv2%2Fproduct_brand&post=8032"},{"taxonomy":"product_cat","embeddable":true,"href":"https:\/\/special-ants.store\/index.php?rest_route=%2Fwp%2Fv2%2Fproduct_cat&post=8032"},{"taxonomy":"product_tag","embeddable":true,"href":"https:\/\/special-ants.store\/index.php?rest_route=%2Fwp%2Fv2%2Fproduct_tag&post=8032"}],"curies":[{"name":"wp","href":"https:\/\/api.w.org\/{rel}","templated":true}]}}