{"id":8050,"date":"2025-05-10T22:56:27","date_gmt":"2025-05-10T21:56:27","guid":{"rendered":"https:\/\/special-ants.store\/?post_type=product&#038;p=8050"},"modified":"2026-04-14T19:16:49","modified_gmt":"2026-04-14T18:16:49","slug":"azteca-sp-2","status":"publish","type":"product","link":"https:\/\/special-ants.store\/?product=azteca-sp-2","title":{"rendered":"Plagiolepis cf pygmaea"},"content":{"rendered":"<p><b>Name:<\/b> Plagiolepis pygmaea<\/p>\n<p><b>Herkunft:<\/b> Spanien<\/p>\n<p><b>K\u00f6nigin:<\/b> ca. 4 &#8211; 5 mm<\/p>\n<p><b>Arbeiterinnen:<\/b> ca. 1 \u2013 3 mm<\/p>\n<p><b>Nahrung:<\/b> Kohlenhydrate (z.B. Honig, Agavendicksaft, Zuckerwasser), Proteine (Futtertiere, z.B. Schaben, Fliegen)<\/p>\n<p><b>Luftfeuchtigkeit: Arena: <\/b>40 &#8211; 60% <b>Nest: <\/b>50 &#8211; 70%<\/p>\n<p><b>Temperatur:<\/b> <b>Arena: <\/b>22 &#8211; 27 Grad <b>Nest: <\/b>24 &#8211; 27 Grad<\/p>\n<p><b>Winterruhe: <\/b>Ja, Ende November bis Januar bei ca. 10 &#8211; 15 Grad!<\/p>\n<p><b>Nestart: <\/b>Wir empfehlen 3D-Nester!<\/p>\n<p><b>Koloniegr\u00f6\u00dfe: <\/b>mehrere Tausend Arbeiterinnen<\/p>\n<p>&nbsp;<\/p>\n<p><b>Vorteile und Nachteile der Art Plagiolepis pygmaea:<\/b><\/p>\n<p><b>Vorteile: <\/b><\/p>\n<p>Die Haltung von Plagiolepis pygmaea ist nicht schwer. Die Art kann sehr viele Kohlenhydrate und Proteine speichern, wodurch die Arbeiterinnen einen gro\u00dfen Gaster bekommen. Zudem sind sie bei steigender Koloniegr\u00f6\u00dfe relativ aggressiv. Ihre Entwicklung geht z\u00fcgig voran. Au\u00dferdem bilden sie Ameisenstra\u00dfen!<\/p>\n<p><b>Nachteile:<\/b><\/p>\n<p>Nachteile sind nicht bekannt!<\/p>\n<p>&nbsp;<\/p>\n<p><b>Haltung:<\/b><\/p>\n<p>Plagiolepis pygmaea\u00a0sind einfach in der Pflege.<\/p>\n<p>Halten Sie die Kolonie am Anfang im Reagenzglas (Nest) und einer 10&#215;10 \u2013 20x20cm Arena. Sobald das Reagenzglas gut gef\u00fcllt ist k\u00f6nnen Sie ein Nest anbieten. Vergr\u00f6\u00dfern Sie das Setup (Nest + Arena) mit steigender Koloniegr\u00f6\u00dfe.<\/p>\n<p><b>F\u00fctterung:<\/b><\/p>\n<p>Es gibt keine Schwierigkeiten bei der F\u00fctterung.<\/p>\n<p>Stellen Sie alle 3 &#8211; 4 Tage Proteine in Form von z.B. Schaben, Fliegen oder Soldatenfliegenlarven zur Verf\u00fcgung. Einfrieren oder abbr\u00fchen der Futtertiere vor der F\u00fctterung t\u00f6tet Milben ab!<br \/>\nAu\u00dferdem ben\u00f6tigen sie auch Kohlenhydrate in Form von z.B. Honig, Agavendicksaft oder Zuckerwasser. Denken Sie daran das Zuckerwasser jede Woche zu wechseln. Es kann ansonsten zu Vergiftungen f\u00fchren!<\/p>\n<p><b>Winterruhe:<\/b><\/p>\n<p>Plagiolepis pygmaea ben\u00f6tigen eine Winterruhe von Ende November bis Januar bei ca. 10 &#8211; 15 Grad.<\/p>\n<p>Ein auslassen der Winterruhe kann negative Folgen f\u00fcr die Kolonie haben. Die Entwicklung der Brut kann sich verlangsamen. Zudem kann die Lebensdauer der K\u00f6nigin verk\u00fcrzt werden. W\u00e4hrend der Winterruhe braucht die Kolonie nur wenig Futter. Stellen Sie trotzdem dauerhaft Kohlenhydrate zur Verf\u00fcgung. Proteine braucht die Kolonie w\u00e4hrend der Winterruhe nicht unbedingt. Wir empfehlen trotzdem alle zwei Wochen ein paar Proteine anzubieten. Achten Sie au\u00dferdem auf die Feuchtigkeit im Nest.<\/p>\n","protected":false},"excerpt":{"rendered":"<p>Name: Plagiolepis pygmaea Herkunft: Spanien K\u00f6nigin: ca. 4 &#8211; 5 mm Arbeiterinnen: ca. 1 \u2013 3 mm Nahrung: Kohlenhydrate (z.B. Honig, Agavendicksaft, Zuckerwasser), Proteine (Futtertiere, z.B. Schaben, Fliegen) Luftfeuchtigkeit: Arena: 40 &#8211; 60% Nest: 50 &#8211; 70% Temperatur: Arena: 22 &#8211; 27 Grad Nest: 24 &#8211; 27 Grad Winterruhe: Ja, Ende November bis Januar bei [&hellip;]<\/p>\n","protected":false},"featured_media":8459,"template":"","meta":[],"product_brand":[],"product_cat":[56],"product_tag":[],"class_list":{"0":"post-8050","1":"product","2":"type-product","3":"status-publish","4":"has-post-thumbnail","6":"product_cat-ameisen","8":"entry","9":"has-media","11":"first","12":"instock","13":"shipping-taxable","14":"purchasable","15":"product-type-variable","16":"has-product-nav","17":"col","18":"span_1_of_3","19":"owp-content-center","20":"owp-thumbs-layout-horizontal","21":"owp-btn-normal","22":"owp-tabs-layout-horizontal"},"aioseo_notices":[],"jetpack_sharing_enabled":true,"_links":{"self":[{"href":"https:\/\/special-ants.store\/index.php?rest_route=\/wp\/v2\/product\/8050","targetHints":{"allow":["GET"]}}],"collection":[{"href":"https:\/\/special-ants.store\/index.php?rest_route=\/wp\/v2\/product"}],"about":[{"href":"https:\/\/special-ants.store\/index.php?rest_route=\/wp\/v2\/types\/product"}],"wp:featuredmedia":[{"embeddable":true,"href":"https:\/\/special-ants.store\/index.php?rest_route=\/wp\/v2\/media\/8459"}],"wp:attachment":[{"href":"https:\/\/special-ants.store\/index.php?rest_route=%2Fwp%2Fv2%2Fmedia&parent=8050"}],"wp:term":[{"taxonomy":"product_brand","embeddable":true,"href":"https:\/\/special-ants.store\/index.php?rest_route=%2Fwp%2Fv2%2Fproduct_brand&post=8050"},{"taxonomy":"product_cat","embeddable":true,"href":"https:\/\/special-ants.store\/index.php?rest_route=%2Fwp%2Fv2%2Fproduct_cat&post=8050"},{"taxonomy":"product_tag","embeddable":true,"href":"https:\/\/special-ants.store\/index.php?rest_route=%2Fwp%2Fv2%2Fproduct_tag&post=8050"}],"curies":[{"name":"wp","href":"https:\/\/api.w.org\/{rel}","templated":true}]}}