{"id":8377,"date":"2026-03-21T18:49:40","date_gmt":"2026-03-21T17:49:40","guid":{"rendered":"https:\/\/special-ants.store\/?post_type=product&#038;p=8377"},"modified":"2026-03-24T13:05:34","modified_gmt":"2026-03-24T12:05:34","slug":"naturstein","status":"publish","type":"product","link":"https:\/\/special-ants.store\/?product=naturstein","title":{"rendered":"Naturstein"},"content":{"rendered":"<p>Dieser einzigartige Naturstein ist handgesammelt, unbearbeitet und hat nat\u00fcrliche L\u00f6cher. Er eignet sich als Einrichtung f\u00fcr Terrarien, vor allem f\u00fcr W\u00fcstenbecken. Durch das Einrichten mit Naturstein wird eine nat\u00fcrliche Umgebung gew\u00e4hrleistet. Au\u00dferdem dient dieser als Kletterm\u00f6glichkeit f\u00fcr die Ameisen.<\/p>\n<p>&nbsp;<\/p>\n<p>Gewicht: (Naturprodukt, Form und Farbe variieren)<\/p>\n<p>L\u00e4nge x Breite x H\u00f6he: ca. 13 x 12 x 8 cm<\/p>\n<p>Lieferumfang: 1x Naturstein<\/p>\n","protected":false},"excerpt":{"rendered":"<p>Dieser einzigartige Naturstein ist handgesammelt, unbearbeitet und hat nat\u00fcrliche L\u00f6cher. Er eignet sich als Einrichtung f\u00fcr Terrarien, vor allem f\u00fcr W\u00fcstenbecken. Durch das Einrichten mit Naturstein wird eine nat\u00fcrliche Umgebung gew\u00e4hrleistet. Au\u00dferdem dient dieser als Kletterm\u00f6glichkeit f\u00fcr die Ameisen. &nbsp; Gewicht: (Naturprodukt, Form und Farbe variieren) L\u00e4nge x Breite x H\u00f6he: ca. 13 x 12 [&hellip;]<\/p>\n","protected":false},"featured_media":8437,"template":"","meta":[],"product_brand":[],"product_cat":[197],"product_tag":[],"class_list":{"0":"post-8377","1":"product","2":"type-product","3":"status-publish","4":"has-post-thumbnail","6":"product_cat-deko-einrichtung","8":"entry","9":"has-media","11":"first","12":"instock","13":"shipping-taxable","14":"purchasable","15":"product-type-simple","16":"has-product-nav","17":"col","18":"span_1_of_3","19":"owp-content-center","20":"owp-thumbs-layout-horizontal","21":"owp-btn-normal","22":"owp-tabs-layout-horizontal"},"aioseo_notices":[],"jetpack_sharing_enabled":true,"_links":{"self":[{"href":"https:\/\/special-ants.store\/index.php?rest_route=\/wp\/v2\/product\/8377","targetHints":{"allow":["GET"]}}],"collection":[{"href":"https:\/\/special-ants.store\/index.php?rest_route=\/wp\/v2\/product"}],"about":[{"href":"https:\/\/special-ants.store\/index.php?rest_route=\/wp\/v2\/types\/product"}],"wp:featuredmedia":[{"embeddable":true,"href":"https:\/\/special-ants.store\/index.php?rest_route=\/wp\/v2\/media\/8437"}],"wp:attachment":[{"href":"https:\/\/special-ants.store\/index.php?rest_route=%2Fwp%2Fv2%2Fmedia&parent=8377"}],"wp:term":[{"taxonomy":"product_brand","embeddable":true,"href":"https:\/\/special-ants.store\/index.php?rest_route=%2Fwp%2Fv2%2Fproduct_brand&post=8377"},{"taxonomy":"product_cat","embeddable":true,"href":"https:\/\/special-ants.store\/index.php?rest_route=%2Fwp%2Fv2%2Fproduct_cat&post=8377"},{"taxonomy":"product_tag","embeddable":true,"href":"https:\/\/special-ants.store\/index.php?rest_route=%2Fwp%2Fv2%2Fproduct_tag&post=8377"}],"curies":[{"name":"wp","href":"https:\/\/api.w.org\/{rel}","templated":true}]}}