{"id":8408,"date":"2026-03-23T17:06:24","date_gmt":"2026-03-23T16:06:24","guid":{"rendered":"https:\/\/special-ants.store\/?post_type=product&#038;p=8408"},"modified":"2026-05-02T12:44:24","modified_gmt":"2026-05-02T11:44:24","slug":"ameisennest-mini","status":"publish","type":"product","link":"https:\/\/special-ants.store\/?product=ameisennest-mini","title":{"rendered":"Ameisennest Mini"},"content":{"rendered":"<p>Sie sind auf der Suche nach einem geeigneten Ameisennest f\u00fcr Ihre Ameisen? Dann sind Sie hier genau richtig.<\/p>\n<p>Unsere Ameisennester wurden speziell f\u00fcr die Ameisenhaltung entwickelt. Sie haben ein Befeuchtungssystem, welches sehr einfach funktioniert. Sie k\u00f6nnen verschiedenste Schlauchanschl\u00fcsse an das Nest anschlie\u00dfen. Durch das Gewindesystem haben sie eine sichere Verbindung zum Nest. Zudem k\u00f6nnen Sie mit den Stopfen das Ameisennest perfekt f\u00fcr die Winterruhe verschlie\u00dfen. Mit der roten Plexiglasscheibe kann das Nest abgedunkelt werden. Das Ameisennest wird komplett zusammengebaut geliefert und ist somit sofort einsatzbereit!<\/p>\n<p>Dieses Ameisennest ist als erstes Nest geeignet, oder f\u00fcr Arten die nur eine kleine Koloniegr\u00f6\u00dfe haben. Sie k\u00f6nnen mit Hilfe der Schlauchanschl\u00fcsse einen Schlauch anschlie\u00dfen oder das Ameisennest mit unseren anderen Anschl\u00fcssen direkt in das Formicarium legen.<\/p>\n<h6><\/h6>\n<h6><\/h6>\n<h6><b>Allgemeine Informationen:<\/b><\/h6>\n<p>&nbsp;<\/p>\n<p><b>L\u00e4nge x Breite x H\u00f6he:<\/b><\/p>\n<p>5 x 5 x 2,4 cm, ohne Ber\u00fccksichtigung der Anschl\u00fcsse!<\/p>\n<p><b>Kammerh\u00f6he:<\/b><\/p>\n<p>2,2 cm<b> <\/b><\/p>\n<p><b>Material:<\/b><\/p>\n<p>PLA NX2<\/p>\n<p><b>Farbe:<\/b><\/p>\n<p>wei\u00df<\/p>\n<p><b>Inhalt:<\/b><\/p>\n<p>1 x Ameisennest Mini<\/p>\n<p>1 x Schlauchanschluss<\/p>\n<p>1x Nesteingang<\/p>\n<p>1 x Stopfen<\/p>\n<p>1 x Rote Plexiglasscheibe<\/p>\n<h6><\/h6>\n<h6><b>Hersteller:<\/b><\/h6>\n<p>&nbsp;<\/p>\n<p>Martin Ritter-\u00dcbelh\u00f6r<br \/>\nHomeforAnts<br \/>\nBrunnenstra\u00dfe 24c<br \/>\n88662 \u00dcberlingen<br \/>\nDeutschland<\/p>\n<p>E-Mail: kontakt@homeforants.de<\/p>\n<p>&nbsp;<\/p>\n<p>&nbsp;<\/p>\n","protected":false},"excerpt":{"rendered":"<p>Sie sind auf der Suche nach einem geeigneten Ameisennest f\u00fcr Ihre Ameisen? Dann sind Sie hier genau richtig. Unsere Ameisennester wurden speziell f\u00fcr die Ameisenhaltung entwickelt. Sie haben ein Befeuchtungssystem, welches sehr einfach funktioniert. Sie k\u00f6nnen verschiedenste Schlauchanschl\u00fcsse an das Nest anschlie\u00dfen. Durch das Gewindesystem haben sie eine sichere Verbindung zum Nest. Zudem k\u00f6nnen Sie [&hellip;]<\/p>\n","protected":false},"featured_media":8466,"template":"","meta":[],"product_brand":[],"product_cat":[57],"product_tag":[116],"class_list":{"0":"post-8408","1":"product","2":"type-product","3":"status-publish","4":"has-post-thumbnail","6":"product_cat-nester","7":"product_tag-ameisennest","9":"entry","10":"has-media","12":"first","13":"outofstock","14":"shipping-taxable","15":"purchasable","16":"product-type-variable","17":"has-product-nav","18":"col","19":"span_1_of_3","20":"owp-content-center","21":"owp-thumbs-layout-horizontal","22":"owp-btn-normal","23":"owp-tabs-layout-horizontal"},"aioseo_notices":[],"jetpack_sharing_enabled":true,"_links":{"self":[{"href":"https:\/\/special-ants.store\/index.php?rest_route=\/wp\/v2\/product\/8408","targetHints":{"allow":["GET"]}}],"collection":[{"href":"https:\/\/special-ants.store\/index.php?rest_route=\/wp\/v2\/product"}],"about":[{"href":"https:\/\/special-ants.store\/index.php?rest_route=\/wp\/v2\/types\/product"}],"wp:featuredmedia":[{"embeddable":true,"href":"https:\/\/special-ants.store\/index.php?rest_route=\/wp\/v2\/media\/8466"}],"wp:attachment":[{"href":"https:\/\/special-ants.store\/index.php?rest_route=%2Fwp%2Fv2%2Fmedia&parent=8408"}],"wp:term":[{"taxonomy":"product_brand","embeddable":true,"href":"https:\/\/special-ants.store\/index.php?rest_route=%2Fwp%2Fv2%2Fproduct_brand&post=8408"},{"taxonomy":"product_cat","embeddable":true,"href":"https:\/\/special-ants.store\/index.php?rest_route=%2Fwp%2Fv2%2Fproduct_cat&post=8408"},{"taxonomy":"product_tag","embeddable":true,"href":"https:\/\/special-ants.store\/index.php?rest_route=%2Fwp%2Fv2%2Fproduct_tag&post=8408"}],"curies":[{"name":"wp","href":"https:\/\/api.w.org\/{rel}","templated":true}]}}