{"id":8414,"date":"2026-03-23T22:51:00","date_gmt":"2026-03-23T21:51:00","guid":{"rendered":"https:\/\/special-ants.store\/?post_type=product&#038;p=8414"},"modified":"2026-05-02T11:56:16","modified_gmt":"2026-05-02T10:56:16","slug":"ameisennest-set-mini","status":"publish","type":"product","link":"https:\/\/special-ants.store\/?product=ameisennest-set-mini","title":{"rendered":"Ameisennest-Set Mini"},"content":{"rendered":"<p>Sie sind auf der Suche nach einem geeigneten Ameisennest inklusive Ameisen und Zubeh\u00f6r? Dann sind Sie hier genau richtig. Dieses Ameisen-Set ist f\u00fcr kleine Kolonien geeignet die ihr erstes Nest ben\u00f6tigen.<\/p>\n<p>Unsere Ameisennester wurden speziell f\u00fcr die Ameisenhaltung entwickelt. Sie haben ein Befeuchtungssystem, welches sehr einfach funktioniert. Sie k\u00f6nnen verschiedenste Schlauchanschl\u00fcsse an das Nest anschlie\u00dfen. Durch das Gewindesystem haben sie eine sichere Verbindung zum Nest. Zudem k\u00f6nnen Sie mit den Stopfen das Ameisennest perfekt f\u00fcr die Winterruhe verschlie\u00dfen. Mit der roten Plexiglasscheibe kann das Nest abgedunkelt werden. Das Ameisennest wird komplett zusammengebaut geliefert und ist somit sofort einsatzbereit!<\/p>\n<p>Sie haben eine gro\u00dfe Auswahl an Ameisen, welche zu diesem Ameisen-Set hinzugef\u00fcgt werden k\u00f6nnen.<\/p>\n<h6><\/h6>\n<h6><\/h6>\n<h6><\/h6>\n<h3><u>Lieferumfang:<\/u><\/h3>\n<p>&nbsp;<\/p>\n<p>1x Ameisenkolonie nach Wahl<\/p>\n<p>&nbsp;<\/p>\n<p>1 x Ameisennest Mini<\/p>\n<p>1 x Schlauchanschluss<\/p>\n<p>1x Nesteingang-Anschluss<\/p>\n<p>1 x Stopfen<\/p>\n<p>1 x Rote Plexiglasscheibe<\/p>\n<p>&nbsp;<\/p>\n<p>1x Futtern\u00e4pfe 9er Set<\/p>\n<p>1x Futternapf gro\u00df<\/p>\n<p>2x 5ml Ameisentr\u00e4nke<\/p>\n<p>&nbsp;<\/p>\n<p>&nbsp;<\/p>\n<h6><\/h6>\n<h6><b>Hersteller:<\/b><\/h6>\n<p>&nbsp;<\/p>\n<p>Martin Ritter-\u00dcbelh\u00f6r<br \/>\nHomeforAnts<br \/>\nBrunnenstra\u00dfe 24c<br \/>\n88662 \u00dcberlingen<br \/>\nDeutschland<\/p>\n<p>E-Mail: kontakt@homeforants.de<\/p>\n<p>&nbsp;<\/p>\n<p>&nbsp;<\/p>\n","protected":false},"excerpt":{"rendered":"<p>Sie sind auf der Suche nach einem geeigneten Ameisennest inklusive Ameisen und Zubeh\u00f6r? Dann sind Sie hier genau richtig. Dieses Ameisen-Set ist f\u00fcr kleine Kolonien geeignet die ihr erstes Nest ben\u00f6tigen. Unsere Ameisennester wurden speziell f\u00fcr die Ameisenhaltung entwickelt. Sie haben ein Befeuchtungssystem, welches sehr einfach funktioniert. Sie k\u00f6nnen verschiedenste Schlauchanschl\u00fcsse an das Nest anschlie\u00dfen. [&hellip;]<\/p>\n","protected":false},"featured_media":8472,"template":"","meta":[],"product_brand":[],"product_cat":[200,57,58],"product_tag":[116],"class_list":{"0":"post-8414","1":"product","2":"type-product","3":"status-publish","4":"has-post-thumbnail","6":"product_cat-ameisen-sets","7":"product_cat-nester","8":"product_cat-zubehoer","9":"product_tag-ameisennest","11":"entry","12":"has-media","14":"first","15":"instock","16":"shipping-taxable","17":"purchasable","18":"product-type-variable","19":"has-product-nav","20":"col","21":"span_1_of_3","22":"owp-content-center","23":"owp-thumbs-layout-horizontal","24":"owp-btn-normal","25":"owp-tabs-layout-horizontal"},"aioseo_notices":[],"jetpack_sharing_enabled":true,"_links":{"self":[{"href":"https:\/\/special-ants.store\/index.php?rest_route=\/wp\/v2\/product\/8414","targetHints":{"allow":["GET"]}}],"collection":[{"href":"https:\/\/special-ants.store\/index.php?rest_route=\/wp\/v2\/product"}],"about":[{"href":"https:\/\/special-ants.store\/index.php?rest_route=\/wp\/v2\/types\/product"}],"wp:featuredmedia":[{"embeddable":true,"href":"https:\/\/special-ants.store\/index.php?rest_route=\/wp\/v2\/media\/8472"}],"wp:attachment":[{"href":"https:\/\/special-ants.store\/index.php?rest_route=%2Fwp%2Fv2%2Fmedia&parent=8414"}],"wp:term":[{"taxonomy":"product_brand","embeddable":true,"href":"https:\/\/special-ants.store\/index.php?rest_route=%2Fwp%2Fv2%2Fproduct_brand&post=8414"},{"taxonomy":"product_cat","embeddable":true,"href":"https:\/\/special-ants.store\/index.php?rest_route=%2Fwp%2Fv2%2Fproduct_cat&post=8414"},{"taxonomy":"product_tag","embeddable":true,"href":"https:\/\/special-ants.store\/index.php?rest_route=%2Fwp%2Fv2%2Fproduct_tag&post=8414"}],"curies":[{"name":"wp","href":"https:\/\/api.w.org\/{rel}","templated":true}]}}