{"id":8429,"date":"2026-03-24T12:12:01","date_gmt":"2026-03-24T11:12:01","guid":{"rendered":"https:\/\/special-ants.store\/?post_type=product&#038;p=8429"},"modified":"2026-05-07T19:38:07","modified_gmt":"2026-05-07T18:38:07","slug":"ameisen-starterset-gruendungskolonien","status":"publish","type":"product","link":"https:\/\/special-ants.store\/?product=ameisen-starterset-gruendungskolonien","title":{"rendered":"Ameisen Starterset Gr\u00fcndungskolonien"},"content":{"rendered":"<p>Sie sind auf der Suche nach einem geeigneten Ameisen Starterset inklusive Ameisen und Zubeh\u00f6r? Dann sind Sie hier genau richtig. Dieses Ameisen-Set ist f\u00fcr Gr\u00fcndungskolonien geeignet!<\/p>\n<p>Unsere Ameisenzubeh\u00f6r wurden speziell f\u00fcr die Ameisenhaltung entwickelt. Bei kleinen Ameisenkolonien empfiehlt sich die Ameisen erst im Reagenzglas zu halten. Dieses Ameisen-Set ist auf die Haltung von Gr\u00fcndungskolonien in Reagenzgl\u00e4sern ausgelegt, wie es empfohlen wird.<\/p>\n<h6><\/h6>\n<h6><\/h6>\n<h6><\/h6>\n<h3><u>Lieferumfang:<\/u><\/h3>\n<p>&nbsp;<\/p>\n<p>1x Ameisenkolonie nach Wahl<\/p>\n<p>&nbsp;<\/p>\n<p>1 x Reagenzglas Arena Mini<\/p>\n<p>1 x Reagenzglasabdeckung und Ablage<\/p>\n<p>2x Reagenzglaseinlage<\/p>\n<p>5 x Reagenzglasn\u00e4pfe<\/p>\n<p>2x N\u00e4pfe f\u00fcr die Reagenzglas Arena<\/p>\n<p>&nbsp;<\/p>\n<p>&nbsp;<\/p>\n<p>&nbsp;<\/p>\n<p>&nbsp;<\/p>\n<h6><\/h6>\n<h6><b>Hersteller:<\/b><\/h6>\n<p>&nbsp;<\/p>\n<p>Martin Ritter-\u00dcbelh\u00f6r<br \/>\nHomeforAnts<br \/>\nBrunnenstra\u00dfe 24c<br \/>\n88662 \u00dcberlingen<br \/>\nDeutschland<\/p>\n<p>E-Mail: kontakt@homeforants.de<\/p>\n<p>&nbsp;<\/p>\n<p>&nbsp;<\/p>\n","protected":false},"excerpt":{"rendered":"<p>Sie sind auf der Suche nach einem geeigneten Ameisen Starterset inklusive Ameisen und Zubeh\u00f6r? Dann sind Sie hier genau richtig. Dieses Ameisen-Set ist f\u00fcr Gr\u00fcndungskolonien geeignet! Unsere Ameisenzubeh\u00f6r wurden speziell f\u00fcr die Ameisenhaltung entwickelt. Bei kleinen Ameisenkolonien empfiehlt sich die Ameisen erst im Reagenzglas zu halten. Dieses Ameisen-Set ist auf die Haltung von Gr\u00fcndungskolonien in [&hellip;]<\/p>\n","protected":false},"featured_media":8441,"template":"","meta":[],"product_brand":[],"product_cat":[200,57,58],"product_tag":[116],"class_list":{"0":"post-8429","1":"product","2":"type-product","3":"status-publish","4":"has-post-thumbnail","6":"product_cat-ameisen-sets","7":"product_cat-nester","8":"product_cat-zubehoer","9":"product_tag-ameisennest","11":"entry","12":"has-media","14":"first","15":"instock","16":"shipping-taxable","17":"purchasable","18":"product-type-variable","19":"has-product-nav","20":"col","21":"span_1_of_3","22":"owp-content-center","23":"owp-thumbs-layout-horizontal","24":"owp-btn-normal","25":"owp-tabs-layout-horizontal","26":"has-no-thumbnails"},"aioseo_notices":[],"jetpack_sharing_enabled":true,"_links":{"self":[{"href":"https:\/\/special-ants.store\/index.php?rest_route=\/wp\/v2\/product\/8429","targetHints":{"allow":["GET"]}}],"collection":[{"href":"https:\/\/special-ants.store\/index.php?rest_route=\/wp\/v2\/product"}],"about":[{"href":"https:\/\/special-ants.store\/index.php?rest_route=\/wp\/v2\/types\/product"}],"wp:featuredmedia":[{"embeddable":true,"href":"https:\/\/special-ants.store\/index.php?rest_route=\/wp\/v2\/media\/8441"}],"wp:attachment":[{"href":"https:\/\/special-ants.store\/index.php?rest_route=%2Fwp%2Fv2%2Fmedia&parent=8429"}],"wp:term":[{"taxonomy":"product_brand","embeddable":true,"href":"https:\/\/special-ants.store\/index.php?rest_route=%2Fwp%2Fv2%2Fproduct_brand&post=8429"},{"taxonomy":"product_cat","embeddable":true,"href":"https:\/\/special-ants.store\/index.php?rest_route=%2Fwp%2Fv2%2Fproduct_cat&post=8429"},{"taxonomy":"product_tag","embeddable":true,"href":"https:\/\/special-ants.store\/index.php?rest_route=%2Fwp%2Fv2%2Fproduct_tag&post=8429"}],"curies":[{"name":"wp","href":"https:\/\/api.w.org\/{rel}","templated":true}]}}