{"id":8504,"date":"2026-04-01T17:16:26","date_gmt":"2026-04-01T16:16:26","guid":{"rendered":"https:\/\/special-ants.store\/?post_type=product&#038;p=8504"},"modified":"2026-04-02T12:55:30","modified_gmt":"2026-04-02T11:55:30","slug":"neotermes-sp","status":"publish","type":"product","link":"https:\/\/special-ants.store\/?product=neotermes-sp","title":{"rendered":"Neotermes sp."},"content":{"rendered":"<h5>Neotermes sind faszinierende Termite, sie sind in der Haltung als Einsteigerart geeignet.<\/h5>\n<h3><\/h3>\n<h3>Haltung und Einrichtung<\/h3>\n<ul>\n<li>Verwenden Sie eine Plastikbox mit kleinen Luftl\u00f6chern.<\/li>\n<li>Substrat ist optional: eine d\u00fcnne, leicht feuchte Schicht kann verwendet werden.<\/li>\n<li>Setzen Sie die Kolonie in ein St\u00fcck Holz ein (dies dient als Nest).<\/li>\n<li>F\u00fcgen Sie neue Holzst\u00fccke hinzu, wenn die Kolonie w\u00e4chst.<\/li>\n<\/ul>\n<p>Vermeiden Sie luftdichte Beh\u00e4lter, eine Luftzirkulation ist unerl\u00e4sslich.<\/p>\n<h3><\/h3>\n<h3>Temperatur &amp; Luftfeuchtigkeit<\/h3>\n<p><strong>Temperatur: <\/strong><\/p>\n<p>\u2022 24\u201326 \u00b0C -&gt; optimal<br \/>\n\u2022 Unter 23 \u00b0C -&gt; verlangsamtes Wachstum<br \/>\n\u2022 \u00dcber 30 \u00b0C -&gt; Kolonie kann schnell sterben!<\/p>\n<p><strong>Luftfeuchtigkeit:<\/strong><\/p>\n<p>Das Holz sollte sich leicht feucht anf\u00fchlen, niemals trocken!<\/p>\n<p>Das Substrat sollte leicht feucht (50\u201370 %) sein -&gt; formbar, aber nicht nass.<\/p>\n<p>Kein stehendes Wasser oder \u00fcberm\u00e4\u00dfige Feuchtigkeit -&gt; Schimmelgefahr!<\/p>\n<p>&nbsp;<\/p>\n<h3>Ern\u00e4hrung<\/h3>\n<p>Bevorzugte Holzarten:<br \/>\n\u2013 Eiche<br \/>\n\u2013 Birke<br \/>\n\u2013 andere helle Harth\u00f6lzer<\/p>\n<p>\u2022 Leicht verrottetes oder aufgeweichtes Holz wird stark bevorzugt<br \/>\n\u2022 Frisches, hartes, trockenes Holz wird in der Regel ignoriert<\/p>\n<p>Stellen Sie immer Holz mit etwas Feuchtigkeitsgehalt bereit. Trockenes Holz ist ungeeignet.<\/p>\n<p>Schimmel ist extrem gef\u00e4hrlich -&gt; sofort entfernen!<\/p>\n<p>&nbsp;<\/p>\n<h3>Pflege<\/h3>\n<p>F\u00fcgen Sie frisches Holz hinzu, wenn die Kolonie w\u00e4chst.<\/p>\n<p>Deckel nur selten \u00f6ffnen und Nest m\u00f6glichst selten st\u00f6ren!<\/p>\n<p><strong>Ausbruchsschutz:<\/strong><\/p>\n<p>Nur kleine Luftl\u00f6cher im Deckel<br \/>\n-&gt; Termiten k\u00f6nnen glatte Fl\u00e4chen kaum erklimmen, k\u00f6nnen aber mit der Zeit Tunnel (auch aufrecht) bauen -&gt; regelm\u00e4\u00dfig kontrollieren!<\/p>\n<p><strong>Reinigung:<\/strong><\/p>\n<p>1\u00d7 pro Woche verschimmeltes Material entfernen, wenn vorhanden<\/p>\n<p><strong>Befeuchtung:<\/strong><\/p>\n<p>\u2022 leicht bespr\u00fchen<br \/>\n\u2022 keine Wasseransammlungen<\/p>\n<p>&nbsp;<\/p>\n<p>&nbsp;<\/p>\n<p>&nbsp;<\/p>\n<h3>Warnhinweis:<\/h3>\n<p>Wichtige Hinweise zum Erwerb und zur Haltung von Termiten!<\/p>\n<p>Bei den angebotenen Termiten handelt es sich um lebende Tiere mit besonderen Haltungsanforderungen. Der K\u00e4ufer verpflichtet sich, sich vor dem Erwerb umfassend \u00fcber die artgerechte Haltung, Pflege und Unterbringung zu informieren.<\/p>\n<p>Hinweise:<\/p>\n<p>\u2022 Eine unsachgem\u00e4\u00dfe Haltung kann zum Absterben der Tiere f\u00fchren.<br \/>\n\u2022 Die Tiere d\u00fcrfen nicht in die freie Natur entlassen werden, da dies \u00f6kologische Sch\u00e4den verursachen kann.<br \/>\n\u2022 Der K\u00e4ufer ist daf\u00fcr verantwortlich, die geltenden gesetzlichen Vorschriften in seinem Land \/ Bundesland einzuhalten.<br \/>\n\u2022 Der Verkauf erfolgt ausschlie\u00dflich zu Haltungs- und Beobachtungszwecken.<\/p>\n<p>Haftungsausschluss:<br \/>\nDer Verk\u00e4ufer \u00fcbernimmt keine Haftung f\u00fcr Sch\u00e4den, die durch unsachgem\u00e4\u00dfe Haltung, Ausbruch der Tiere oder gesetzeswidrige Verwendung entstehen.<\/p>\n<p>Mit dem Kauf best\u00e4tigt der K\u00e4ufer, dass er sich \u00fcber die Bed\u00fcrfnisse der Tiere informiert hat und diese dauerhaft gew\u00e4hrleisten kann<\/p>\n<p>&nbsp;<\/p>\n","protected":false},"excerpt":{"rendered":"<p>Neotermes sind faszinierende Termite, sie sind in der Haltung als Einsteigerart geeignet. Haltung und Einrichtung Verwenden Sie eine Plastikbox mit kleinen Luftl\u00f6chern. Substrat ist optional: eine d\u00fcnne, leicht feuchte Schicht kann verwendet werden. Setzen Sie die Kolonie in ein St\u00fcck Holz ein (dies dient als Nest). F\u00fcgen Sie neue Holzst\u00fccke hinzu, wenn die Kolonie w\u00e4chst. [&hellip;]<\/p>\n","protected":false},"featured_media":8514,"template":"","meta":[],"product_brand":[],"product_cat":[193],"product_tag":[],"class_list":{"0":"post-8504","1":"product","2":"type-product","3":"status-publish","4":"has-post-thumbnail","6":"product_cat-termiten","8":"entry","9":"has-media","11":"first","12":"instock","13":"shipping-taxable","14":"purchasable","15":"product-type-variable","16":"has-product-nav","17":"col","18":"span_1_of_3","19":"owp-content-center","20":"owp-thumbs-layout-horizontal","21":"owp-btn-normal","22":"owp-tabs-layout-horizontal"},"aioseo_notices":[],"jetpack_sharing_enabled":true,"_links":{"self":[{"href":"https:\/\/special-ants.store\/index.php?rest_route=\/wp\/v2\/product\/8504","targetHints":{"allow":["GET"]}}],"collection":[{"href":"https:\/\/special-ants.store\/index.php?rest_route=\/wp\/v2\/product"}],"about":[{"href":"https:\/\/special-ants.store\/index.php?rest_route=\/wp\/v2\/types\/product"}],"wp:featuredmedia":[{"embeddable":true,"href":"https:\/\/special-ants.store\/index.php?rest_route=\/wp\/v2\/media\/8514"}],"wp:attachment":[{"href":"https:\/\/special-ants.store\/index.php?rest_route=%2Fwp%2Fv2%2Fmedia&parent=8504"}],"wp:term":[{"taxonomy":"product_brand","embeddable":true,"href":"https:\/\/special-ants.store\/index.php?rest_route=%2Fwp%2Fv2%2Fproduct_brand&post=8504"},{"taxonomy":"product_cat","embeddable":true,"href":"https:\/\/special-ants.store\/index.php?rest_route=%2Fwp%2Fv2%2Fproduct_cat&post=8504"},{"taxonomy":"product_tag","embeddable":true,"href":"https:\/\/special-ants.store\/index.php?rest_route=%2Fwp%2Fv2%2Fproduct_tag&post=8504"}],"curies":[{"name":"wp","href":"https:\/\/api.w.org\/{rel}","templated":true}]}}