{"id":8583,"date":"2026-04-14T19:30:07","date_gmt":"2026-04-14T18:30:07","guid":{"rendered":"https:\/\/special-ants.store\/?post_type=product&#038;p=8583"},"modified":"2026-04-14T19:33:38","modified_gmt":"2026-04-14T18:33:38","slug":"messor-structor","status":"publish","type":"product","link":"https:\/\/special-ants.store\/?product=messor-structor","title":{"rendered":"Messor structor"},"content":{"rendered":"<p><b>Name:<\/b> Messor structor<\/p>\n<p><b>Herkunft:<\/b> Spanien<\/p>\n<p><b>K\u00f6nigin:<\/b> ca. 10 &#8211; 11mm<\/p>\n<p><b>Arbeiterinnen:<\/b> ca. 3 &#8211; 11mm<\/p>\n<p><b>Nahrung:<\/b> Samen (z.B. Chiasamen), Kohlenhydrate (z.B. Honig, Agavendicksaft, Zuckerwasser), Proteine (Futtertiere, z.B. Schaben, Fliegen)<\/p>\n<p><b>Luftfeuchtigkeit: Arena: <\/b>40 &#8211; 60% <b>Nest: <\/b>50 &#8211; 70%<\/p>\n<p><b>Temperatur:<\/b> <b>Arena: <\/b>22 &#8211; 27 Grad <b>Nest: <\/b>24 &#8211; 27 Grad<\/p>\n<p><b>Winterruhe: <\/b>Ja, Ende November bis Januar bei ca. 10 &#8211; 15 Grad!<\/p>\n<p><b>Nestart: <\/b>Wir empfehlen Ytong, Gips oder 3D mit Befeuchtung!<\/p>\n<p><b>Koloniegr\u00f6\u00dfe: M<\/b>ehrere Tausend Arbeiterinnen<\/p>\n<p>&nbsp;<\/p>\n<p><b>Vorteile und Nachteile der Art Messor structor:<\/b><\/p>\n<p><b>Vorteile: <\/b><\/p>\n<p>Messor structor sind robust und daher f\u00fcr Anf\u00e4nger geeignet. Sie haben eine schnelle Entwicklung. In der Arena ist immer viel Aktivit\u00e4t. Die Art hat ein spannendes Verhalten da sie zu den Ernteameisen geh\u00f6rt. Sie sammeln K\u00f6rner und stellen daraus Ameisenbrot her. Dadurch k\u00f6nnen Sie ohne Probleme in den Urlaub fahren, die Ameisen brauchen nur K\u00f6rner und Wasser! Zudem bilden sie Ameisenstra\u00dfen welche sch\u00f6n zu beobachten sind.<\/p>\n<p><b>Nachteile:<\/b><\/p>\n<p>Messor structor k\u00f6nnen sich gut durch Materialien bei\u00dfen! Wir empfehlen ein Nest mit Kunststoffummantelung.<\/p>\n<p>&nbsp;<\/p>\n<p><b>Haltung:<\/b><\/p>\n<p>Messor structor sind einfach in der Pflege.<\/p>\n<p>Da die Art zu den Ernteameisen geh\u00f6rt stellen sie Ameisenbrot aus K\u00f6rnern her. Dies vereinfacht die F\u00fctterung. Halten Sie die Kolonie am Anfang im Reagenzglas (Nest) und einer 10&#215;10 \u2013 20x20cm Arena. Sobald das Reagenzglas gut gef\u00fcllt ist k\u00f6nnen Sie ein Nest anbieten. Zudem wird es dann auch Zeit f\u00fcr eine weitere Arena. Vergr\u00f6\u00dfern Sie das Setup (Nest + Arena) mit steigender Koloniegr\u00f6\u00dfe.<\/p>\n<p>&nbsp;<\/p>\n<p><b>F\u00fctterung:<\/b><\/p>\n<p>Es gibt keine Schwierigkeiten bei der F\u00fctterung.<\/p>\n<p>Messor structor k\u00f6nnen ausschlie\u00dflich von K\u00f6rnern ern\u00e4hrt werden. F\u00fcr eine schnellere Entwicklung empfehlen wir aber auch Proteine. Stellen Sie alle 3 &#8211; 4 Tage Proteine in Form von z.B. Schaben, Fliegen oder Soldatenfliegenlarven zu Verf\u00fcgung. Einfrieren oder abbr\u00fchen der Futtertiere vor der F\u00fctterung t\u00f6tet Milben ab!<\/p>\n<p>&nbsp;<\/p>\n<p><b>Winterruhe:<\/b><\/p>\n<p>Messor structor ben\u00f6tigen eine Winterruhe von Ende November bis Januar bei ca. 10 &#8211; 15 Grad.<\/p>\n<p>Ein auslassen der Winterruhe kann negative Folgen f\u00fcr die Kolonie haben. Die Entwicklung der Brut kann sich verlangsamen. Zudem kann die Lebensdauer der K\u00f6nigin verk\u00fcrzt werden. W\u00e4hrend der Winterruhe braucht die Kolonie nur wenig Futter. Stellen Sie trotzdem dauerhaft K\u00f6rner zur Verf\u00fcgung. Achten Sie au\u00dferdem auf die Feuchtigkeit im Nest.<\/p>\n<p>&nbsp;<\/p>\n<p>&nbsp;<\/p>\n<p>&nbsp;<\/p>\n","protected":false},"excerpt":{"rendered":"<p>Name: Messor structor Herkunft: Spanien K\u00f6nigin: ca. 10 &#8211; 11mm Arbeiterinnen: ca. 3 &#8211; 11mm Nahrung: Samen (z.B. Chiasamen), Kohlenhydrate (z.B. Honig, Agavendicksaft, Zuckerwasser), Proteine (Futtertiere, z.B. Schaben, Fliegen) Luftfeuchtigkeit: Arena: 40 &#8211; 60% Nest: 50 &#8211; 70% Temperatur: Arena: 22 &#8211; 27 Grad Nest: 24 &#8211; 27 Grad Winterruhe: Ja, Ende November bis Januar [&hellip;]<\/p>\n","protected":false},"featured_media":0,"template":"","meta":[],"product_brand":[],"product_cat":[56],"product_tag":[],"class_list":{"0":"post-8583","1":"product","2":"type-product","3":"status-publish","5":"product_cat-ameisen","7":"entry","9":"first","10":"outofstock","11":"shipping-taxable","12":"purchasable","13":"product-type-variable","14":"has-product-nav","15":"col","16":"span_1_of_3","17":"owp-content-center","18":"owp-thumbs-layout-horizontal","19":"owp-btn-normal","20":"owp-tabs-layout-horizontal","21":"has-no-thumbnails"},"aioseo_notices":[],"jetpack_sharing_enabled":true,"_links":{"self":[{"href":"https:\/\/special-ants.store\/index.php?rest_route=\/wp\/v2\/product\/8583","targetHints":{"allow":["GET"]}}],"collection":[{"href":"https:\/\/special-ants.store\/index.php?rest_route=\/wp\/v2\/product"}],"about":[{"href":"https:\/\/special-ants.store\/index.php?rest_route=\/wp\/v2\/types\/product"}],"wp:attachment":[{"href":"https:\/\/special-ants.store\/index.php?rest_route=%2Fwp%2Fv2%2Fmedia&parent=8583"}],"wp:term":[{"taxonomy":"product_brand","embeddable":true,"href":"https:\/\/special-ants.store\/index.php?rest_route=%2Fwp%2Fv2%2Fproduct_brand&post=8583"},{"taxonomy":"product_cat","embeddable":true,"href":"https:\/\/special-ants.store\/index.php?rest_route=%2Fwp%2Fv2%2Fproduct_cat&post=8583"},{"taxonomy":"product_tag","embeddable":true,"href":"https:\/\/special-ants.store\/index.php?rest_route=%2Fwp%2Fv2%2Fproduct_tag&post=8583"}],"curies":[{"name":"wp","href":"https:\/\/api.w.org\/{rel}","templated":true}]}}