{"id":8622,"date":"2026-04-23T15:16:33","date_gmt":"2026-04-23T14:16:33","guid":{"rendered":"https:\/\/special-ants.store\/?post_type=product&#038;p=8622"},"modified":"2026-04-23T17:06:13","modified_gmt":"2026-04-23T16:06:13","slug":"leptothorax-acervorum","status":"publish","type":"product","link":"https:\/\/special-ants.store\/?product=leptothorax-acervorum","title":{"rendered":"Leptothorax acervorum"},"content":{"rendered":"<p><b>Name:<\/b> Leptothorax acervorum<\/p>\n<p><b>Herkunft:<\/b> Polen<\/p>\n<p><b>K\u00f6nigin:<\/b> ca. 6 \u2013 7 mm<\/p>\n<p><b>Arbeiterinnen:<\/b> ca. 4 \u2013 6 mm<\/p>\n<p><b>Nahrung:<\/b> Kohlenhydrate (z.B. Honig, Agavendicksaft, Zuckerwasser), Proteine (Futtertiere, z.B. Schaben, Fliegen)<\/p>\n<p><b>Luftfeuchtigkeit: Arena: <\/b>40 &#8211; 60% <b>Nest: <\/b>50 &#8211; 70%<\/p>\n<p><b>Temperatur:<\/b> <b>Arena: <\/b>22 &#8211; 27 Grad <b>Nest: <\/b>22 &#8211; 25 Grad<\/p>\n<p><b>Winterruhe:\u00a0<\/b>Ja, von Ende Oktober bis M\u00e4rz bei 4 &#8211; 7 Grad!<\/p>\n<p><b>Nestart: <\/b>Wir empfehlen Kork, Holz oder 3D mit Befeuchtung!<\/p>\n<p><b>Koloniegr\u00f6\u00dfe:<\/b> ca. 100 Arbeiterinnen<\/p>\n<h6><\/h6>\n<h6><\/h6>\n<h6><b>Vorteile und Nachteile der Gattung Leptothorax acervorum:<\/b><\/h6>\n<p>&nbsp;<\/p>\n<p><b>Vorteile: <\/b><\/p>\n<p>Leptothorax acervorum sind in der Haltung etwas seltener. Im Gegensatz zu den meisten Temnothorax haben sie eine sch\u00f6ne Gr\u00f6\u00dfe und sind somit besser zu beobachten. Sie haben eine entspannte Entwicklung. Zudem sind sie sehr robust und f\u00fcr Anf\u00e4nger geeignet. Man kann sie au\u00dferdem als \u201eSchreibtischkolonie\u201c halten! Sie haben eine kleine Koloniegr\u00f6\u00dfe und brauchen weder viel Pflege noch Platz.<\/p>\n<p><b>Nachteile:<\/b><\/p>\n<p>Nachteile sind nicht bekannt!<\/p>\n<h6><\/h6>\n<h6><\/h6>\n<h6><b>Haltung:<\/b><\/h6>\n<p>&nbsp;<\/p>\n<p>Leptothorax acervorum sind einfach in der Pflege.<\/p>\n<p>Da sie nur eine kleine Koloniegr\u00f6\u00dfe haben ben\u00f6tigen Sie kein gro\u00dfes Setup. Halten Sie die Kolonie in einem kleinen Nest und einer 10&#215;10 cm Arena. Die meisten Arten ben\u00f6tigen mehr Platz als auf dem Schreibtisch vorhanden ist. Da die Leptothorax acervorum jedoch nicht so viel Platz brauchen eignen sie sich als \u201eSchreibtischkolonie\u201c. Dort kann man sie dann entspannt w\u00e4hrend dem Homeoffice oder den Hausaufgaben beobachten!<\/p>\n<p>&nbsp;<\/p>\n<h6><\/h6>\n<h6><b>F\u00fctterung:<\/b><\/h6>\n<p>&nbsp;<\/p>\n<p>Es gibt keine Schwierigkeiten bei der F\u00fctterung.<\/p>\n<p>Stellen Sie alle 3 &#8211; 4 Tage Proteine in Form von z.B. Schaben, Fliegen oder Soldatenfliegenlarven zur Verf\u00fcgung. Einfrieren oder abbr\u00fchen der Futtertiere vor der F\u00fctterung t\u00f6tet Milben ab!<br \/>\nAu\u00dferdem ben\u00f6tigen sie auch Kohlenhydrate in Form von z.B. Honig, Agavendicksaft oder Zuckerwasser. Denken Sie daran das Zuckerwasser jede Woche zu wechseln. Es kann ansonsten zu Vergiftungen f\u00fchren!<\/p>\n<p>&nbsp;<\/p>\n<h6><\/h6>\n<h6><b>Winterruhe:<\/b><\/h6>\n<p>&nbsp;<\/p>\n<p>Leptothorax acervorum ben\u00f6tigen eine Winterruhe von Ende Oktober bis M\u00e4rz bei 4 &#8211; 7 Grad!<\/p>\n<p>Ein auslassen der Winterruhe kann negative Folgen f\u00fcr die Kolonie haben. Die Entwicklung der Brut kann sich verlangsamen. Zudem kann die Lebensdauer der K\u00f6nigin verk\u00fcrzt werden. W\u00e4hrend der Winterruhe braucht die Kolonie nur wenig Futter. Stellen Sie trotzdem dauerhaft Kohlenhydrate zur Verf\u00fcgung. Proteine braucht die Kolonie w\u00e4hrend der Winterruhe nicht unbedingt. Wir empfehlen trotzdem alle zwei Wochen ein paar Proteine anzubieten. Achten Sie au\u00dferdem auf die Feuchtigkeit im Nest.<\/p>\n<p>&nbsp;<\/p>\n","protected":false},"excerpt":{"rendered":"<p>Name: Leptothorax acervorum Herkunft: Polen K\u00f6nigin: ca. 6 \u2013 7 mm Arbeiterinnen: ca. 4 \u2013 6 mm Nahrung: Kohlenhydrate (z.B. Honig, Agavendicksaft, Zuckerwasser), Proteine (Futtertiere, z.B. Schaben, Fliegen) Luftfeuchtigkeit: Arena: 40 &#8211; 60% Nest: 50 &#8211; 70% Temperatur: Arena: 22 &#8211; 27 Grad Nest: 22 &#8211; 25 Grad Winterruhe:\u00a0Ja, von Ende Oktober bis M\u00e4rz bei [&hellip;]<\/p>\n","protected":false},"featured_media":8651,"template":"","meta":[],"product_brand":[],"product_cat":[56],"product_tag":[],"class_list":{"0":"post-8622","1":"product","2":"type-product","3":"status-publish","4":"has-post-thumbnail","6":"product_cat-ameisen","8":"entry","9":"has-media","11":"first","12":"instock","13":"shipping-taxable","14":"purchasable","15":"product-type-variable","16":"has-product-nav","17":"col","18":"span_1_of_3","19":"owp-content-center","20":"owp-thumbs-layout-horizontal","21":"owp-btn-normal","22":"owp-tabs-layout-horizontal"},"aioseo_notices":[],"jetpack_sharing_enabled":true,"_links":{"self":[{"href":"https:\/\/special-ants.store\/index.php?rest_route=\/wp\/v2\/product\/8622","targetHints":{"allow":["GET"]}}],"collection":[{"href":"https:\/\/special-ants.store\/index.php?rest_route=\/wp\/v2\/product"}],"about":[{"href":"https:\/\/special-ants.store\/index.php?rest_route=\/wp\/v2\/types\/product"}],"wp:featuredmedia":[{"embeddable":true,"href":"https:\/\/special-ants.store\/index.php?rest_route=\/wp\/v2\/media\/8651"}],"wp:attachment":[{"href":"https:\/\/special-ants.store\/index.php?rest_route=%2Fwp%2Fv2%2Fmedia&parent=8622"}],"wp:term":[{"taxonomy":"product_brand","embeddable":true,"href":"https:\/\/special-ants.store\/index.php?rest_route=%2Fwp%2Fv2%2Fproduct_brand&post=8622"},{"taxonomy":"product_cat","embeddable":true,"href":"https:\/\/special-ants.store\/index.php?rest_route=%2Fwp%2Fv2%2Fproduct_cat&post=8622"},{"taxonomy":"product_tag","embeddable":true,"href":"https:\/\/special-ants.store\/index.php?rest_route=%2Fwp%2Fv2%2Fproduct_tag&post=8622"}],"curies":[{"name":"wp","href":"https:\/\/api.w.org\/{rel}","templated":true}]}}