{"id":8680,"date":"2026-04-29T16:20:08","date_gmt":"2026-04-29T15:20:08","guid":{"rendered":"https:\/\/special-ants.store\/?post_type=product&#038;p=8680"},"modified":"2026-05-06T23:01:54","modified_gmt":"2026-05-06T22:01:54","slug":"camponotus-pseudolendus","status":"publish","type":"product","link":"https:\/\/special-ants.store\/?product=camponotus-pseudolendus","title":{"rendered":"Camponotus pseudolendus"},"content":{"rendered":"<p><b>Name: <\/b>Camponotus pseudolendus<\/p>\n<p><b>Herkunft:<\/b> Asien<\/p>\n<p><b>K\u00f6nigin:<\/b> ca. 18 \u2013 19 mm<\/p>\n<p><b>Arbeiterinnen:<\/b> ca. 7 \u2013 15 mm<\/p>\n<p><b>Nahrung:<\/b> Kohlenhydrate (z.B. Honig, Agavendicksaft, Zuckerwasser), Proteine (Futtertiere, z.B. Schaben, Fliegen)<\/p>\n<p><b>Luftfeuchtigkeit: Arena: <\/b>40 &#8211; 60% <b>Nest: <\/b>50 &#8211; 70%<\/p>\n<p><b>Temperatur:<\/b> <b>Arena: <\/b>22 &#8211; 27 Grad <b>Nest: <\/b>24 &#8211; 27 Grad<\/p>\n<p><b>Winterruhe: <\/b>Nein<\/p>\n<p><b>Nestart: <\/b>Wir empfehlen Gips, Ytong oder 3D mit Befeuchtung!<\/p>\n<p><b>Koloniegr\u00f6\u00dfe: <\/b>mehrere Tausend Arbeiterinnen<\/p>\n<h6><\/h6>\n<h6><\/h6>\n<h6><b>Vorteile und Nachteile der Art Camponotus pseudolendus:<\/b><\/h6>\n<p>&nbsp;<\/p>\n<p><b>Vorteile: <\/b><\/p>\n<p>Camponotus pseudolendus ist eine sehr sch\u00f6ne Ameisenart. Sie haben einen goldenen Schimmer auf ihrem Gaster, dies macht sie besonders. Zudem haben sie eine sehr gute Gr\u00f6\u00dfe zum beobachten. Au\u00dferdem hat die Art keine Winterruhe!<\/p>\n<p><b>Nachteile:<\/b><\/p>\n<p>Nachteile sind nicht bekannt!<\/p>\n<h6><\/h6>\n<h6><\/h6>\n<h6><b>Haltung:<\/b><\/h6>\n<p>&nbsp;<\/p>\n<p>Camponotus pseudolendus sind einfach in der Pflege.<\/p>\n<p>Halten Sie die Kolonie am Anfang im Reagenzglas (Nest) und einer 10&#215;10 \u2013 20x20cm Arena. Sobald das Reagenzglas gut gef\u00fcllt ist k\u00f6nnen Sie ein Nest anbieten. Vergr\u00f6\u00dfern Sie das Setup (Nest + Arena) mit steigender Koloniegr\u00f6\u00dfe.<\/p>\n<h6><\/h6>\n<h6><\/h6>\n<h6><b>F\u00fctterung:<\/b><\/h6>\n<p>&nbsp;<\/p>\n<p>Es gibt keine Schwierigkeiten bei der F\u00fctterung.<\/p>\n<p>Stellen Sie alle 3 &#8211; 4 Tage Proteine in Form von z.B. Schaben, Fliegen oder Soldatenfliegenlarven zur Verf\u00fcgung. Einfrieren oder abbr\u00fchen der Futtertiere vor der F\u00fctterung t\u00f6tet Milben ab!<br \/>\nAu\u00dferdem ben\u00f6tigen sie auch Kohlenhydrate in Form von z.B. Honig, Agavendicksaft oder Zuckerwasser. Denken Sie daran das Zuckerwasser jede Woche zu wechseln. Es kann ansonsten zu Vergiftungen f\u00fchren!<\/p>\n","protected":false},"excerpt":{"rendered":"<p>Name: Camponotus pseudolendus Herkunft: Asien K\u00f6nigin: ca. 18 \u2013 19 mm Arbeiterinnen: ca. 7 \u2013 15 mm Nahrung: Kohlenhydrate (z.B. Honig, Agavendicksaft, Zuckerwasser), Proteine (Futtertiere, z.B. Schaben, Fliegen) Luftfeuchtigkeit: Arena: 40 &#8211; 60% Nest: 50 &#8211; 70% Temperatur: Arena: 22 &#8211; 27 Grad Nest: 24 &#8211; 27 Grad Winterruhe: Nein Nestart: Wir empfehlen Gips, Ytong [&hellip;]<\/p>\n","protected":false},"featured_media":8702,"template":"","meta":[],"product_brand":[],"product_cat":[56],"product_tag":[63],"class_list":{"0":"post-8680","1":"product","2":"type-product","3":"status-publish","4":"has-post-thumbnail","6":"product_cat-ameisen","7":"product_tag-camponotus","9":"entry","10":"has-media","12":"first","13":"outofstock","14":"shipping-taxable","15":"purchasable","16":"product-type-variable","17":"has-default-attributes","18":"has-product-nav","19":"col","20":"span_1_of_3","21":"owp-content-center","22":"owp-thumbs-layout-horizontal","23":"owp-btn-normal","24":"owp-tabs-layout-horizontal"},"aioseo_notices":[],"jetpack_sharing_enabled":true,"_links":{"self":[{"href":"https:\/\/special-ants.store\/index.php?rest_route=\/wp\/v2\/product\/8680","targetHints":{"allow":["GET"]}}],"collection":[{"href":"https:\/\/special-ants.store\/index.php?rest_route=\/wp\/v2\/product"}],"about":[{"href":"https:\/\/special-ants.store\/index.php?rest_route=\/wp\/v2\/types\/product"}],"wp:featuredmedia":[{"embeddable":true,"href":"https:\/\/special-ants.store\/index.php?rest_route=\/wp\/v2\/media\/8702"}],"wp:attachment":[{"href":"https:\/\/special-ants.store\/index.php?rest_route=%2Fwp%2Fv2%2Fmedia&parent=8680"}],"wp:term":[{"taxonomy":"product_brand","embeddable":true,"href":"https:\/\/special-ants.store\/index.php?rest_route=%2Fwp%2Fv2%2Fproduct_brand&post=8680"},{"taxonomy":"product_cat","embeddable":true,"href":"https:\/\/special-ants.store\/index.php?rest_route=%2Fwp%2Fv2%2Fproduct_cat&post=8680"},{"taxonomy":"product_tag","embeddable":true,"href":"https:\/\/special-ants.store\/index.php?rest_route=%2Fwp%2Fv2%2Fproduct_tag&post=8680"}],"curies":[{"name":"wp","href":"https:\/\/api.w.org\/{rel}","templated":true}]}}